{"id":106,"date":"2019-05-15T17:51:47","date_gmt":"2019-05-15T17:51:47","guid":{"rendered":"https:\/\/www.polane.com\/?page_id=106"},"modified":"2019-07-02T10:28:37","modified_gmt":"2019-07-02T14:28:37","slug":"location-de-machinerie-lourde","status":"publish","type":"page","link":"https:\/\/www.polane.com\/fr\/services\/location-de-machinerie-lourde\/","title":{"rendered":"Location de machinerie lourde"},"content":{"rendered":"<section class=\"title_container services machinerie\">\n<div class=\"container\">\n<div class=\"row\">\n<div class=\"col-md-12\">\n<div class=\"lc-block\">\n<div editable=\"rich\">\n<h1>Location de machinerie lourde<\/h1>\n<\/div>\n<\/div>\n<\/div>\n<\/div>\n<\/div>\n<\/section>\n<section class=\"content_container services\">\n<div class=\"container\">\n<div class=\"row\">\n<div class=\"col-lg-12\" data-aos=\"fade-left\">\n<div class=\"lc-block services-text\">\n<div editable=\"rich\">\n<h2>Location de machinerie lourde<\/h2>\n<p>En plus de vous proposer nos services, nous vous donnant l\u2019occasion de r\u00e9aliser tous vos projets, quelle que soit leur taille, gr\u00e2ce \u00e0 notre machinerie que nous mettons \u00e0 votre disposition pour location. Gr\u00e2ce \u00e0 notre ma\u00eetrise du domaine et de nos nombreux travaux r\u00e9alis\u00e9s, nous avons pu accumuler les machines et tout le mat\u00e9riel n\u00e9cessaire pour mener un projet \u00e0 bien.<\/p>\n<p>Que ce soit une r\u00e9trocaveuse, une pelle hydraulique, un chargeur sur roue, un fardier, un marteau hydraulique ou autre, l\u2019entretien et l\u2019attention que nous y apportons contribuent \u00e0 notre succ\u00e8s et \u00e0 notre efficacit\u00e9 donc elles sont en parfaite condition, s\u00e9curitaire, et nous serons \u00e9videmment disponibles pour r\u00e9pondre \u00e0 toute question que vous pouvez avoir.<\/p>\n<\/p><\/div>\n<\/p><\/div>\n<div class=\"lc-block services-btn\">\n<div lc-helper=\"shortcode\" class=\"live-shortcode\"><a href='https:\/\/www.polane.com\/fr\/contact\/' class='btn contact noir'>Demande d&rsquo;information<\/a><\/div>\n<\/p><\/div>\n<\/p><\/div>\n<\/p><\/div>\n<\/div>\n<\/section>\n<section class=\"realisations_slider_container\">\n<div class=\"container\">\n<div class=\"row\">\n<div class=\"col-md-12\">\n<div class=\"lc-block\">\n<div lc-helper=\"shortcode\" class=\"live-shortcode realisations_slider\"><div class='realisations_slider_content'><div class='row'><div class='col-12'><h3>Projects<\/h3><\/div><div class='col-12'><div class=\"realisations_slider_slider\"><ul class=\"slides\"><li><a href=\"https:\/\/www.polane.com\/fr\/realisations\/location-de-machinerie-lourde\/\" class=\"uneRealisation\"><div class=\"realisation-img d-flex align-items-center justify-content-center overflow-hidden\"><img loading=\"lazy\" decoding=\"async\" width=\"500\" height=\"500\" src=\"https:\/\/www.polane.com\/wp-content\/uploads\/2019\/07\/IMG_1351-500x500.jpg\" class=\"attachment-thumbnail size-thumbnail\" alt=\"\" \/><\/div><\/a><\/li><li><a href=\"https:\/\/www.polane.com\/fr\/realisations\/location-de-machinerie-lourde\/\" class=\"uneRealisation\"><div class=\"realisation-img d-flex align-items-center justify-content-center overflow-hidden\"><img loading=\"lazy\" decoding=\"async\" width=\"500\" height=\"500\" src=\"https:\/\/www.polane.com\/wp-content\/uploads\/2019\/07\/IMG_1454-500x500.jpg\" class=\"attachment-thumbnail size-thumbnail\" alt=\"\" \/><\/div><\/a><\/li><li><a href=\"https:\/\/www.polane.com\/fr\/realisations\/location-de-machinerie-lourde\/\" class=\"uneRealisation\"><div class=\"realisation-img d-flex align-items-center justify-content-center overflow-hidden\"><img loading=\"lazy\" decoding=\"async\" width=\"500\" height=\"500\" src=\"https:\/\/www.polane.com\/wp-content\/uploads\/2019\/07\/IMG_1482-500x500.jpg\" class=\"attachment-thumbnail size-thumbnail\" alt=\"\" \/><\/div><\/a><\/li><li><a href=\"https:\/\/www.polane.com\/fr\/realisations\/location-de-machinerie-lourde\/\" class=\"uneRealisation\"><div class=\"realisation-img d-flex align-items-center justify-content-center overflow-hidden\"><img loading=\"lazy\" decoding=\"async\" width=\"500\" height=\"500\" src=\"https:\/\/www.polane.com\/wp-content\/uploads\/2019\/07\/IMG_1487-500x500.jpg\" class=\"attachment-thumbnail size-thumbnail\" alt=\"\" \/><\/div><\/a><\/li><li><a href=\"https:\/\/www.polane.com\/fr\/realisations\/location-de-machinerie-lourde\/\" class=\"uneRealisation\"><div class=\"realisation-img d-flex align-items-center justify-content-center overflow-hidden\"><img loading=\"lazy\" decoding=\"async\" width=\"500\" height=\"500\" src=\"https:\/\/www.polane.com\/wp-content\/uploads\/2019\/07\/2017-05-18-14.17.35-500x500.jpg\" class=\"attachment-thumbnail size-thumbnail\" alt=\"\" \/><\/div><\/a><\/li><li><a href=\"https:\/\/www.polane.com\/fr\/realisations\/location-de-machinerie-lourde\/\" class=\"uneRealisation\"><div class=\"realisation-img d-flex align-items-center justify-content-center overflow-hidden\"><img loading=\"lazy\" decoding=\"async\" width=\"500\" height=\"500\" src=\"https:\/\/www.polane.com\/wp-content\/uploads\/2019\/07\/2017-09-29-12.35.33-500x500.jpg\" class=\"attachment-thumbnail size-thumbnail\" alt=\"\" \/><\/div><\/a><\/li><li><a href=\"https:\/\/www.polane.com\/fr\/realisations\/location-de-machinerie-lourde\/\" class=\"uneRealisation\"><div class=\"realisation-img d-flex align-items-center justify-content-center overflow-hidden\"><img loading=\"lazy\" decoding=\"async\" width=\"500\" height=\"500\" src=\"https:\/\/www.polane.com\/wp-content\/uploads\/2019\/07\/2017-10-13-16.25.51-500x500.jpg\" class=\"attachment-thumbnail size-thumbnail\" alt=\"\" \/><\/div><\/a><\/li><li><a href=\"https:\/\/www.polane.com\/fr\/realisations\/location-de-machinerie-lourde\/\" class=\"uneRealisation\"><div class=\"realisation-img d-flex align-items-center justify-content-center overflow-hidden\"><img loading=\"lazy\" decoding=\"async\" width=\"500\" height=\"500\" src=\"https:\/\/www.polane.com\/wp-content\/uploads\/2019\/07\/2017-10-19-14.04.45-500x500.jpg\" class=\"attachment-thumbnail size-thumbnail\" alt=\"\" \/><\/div><\/a><\/li><li><a href=\"https:\/\/www.polane.com\/fr\/realisations\/location-de-machinerie-lourde\/\" class=\"uneRealisation\"><div class=\"realisation-img d-flex align-items-center justify-content-center overflow-hidden\"><img loading=\"lazy\" decoding=\"async\" width=\"500\" height=\"500\" src=\"https:\/\/www.polane.com\/wp-content\/uploads\/2019\/07\/2018-03-26-00.07.48-1-500x500.png\" class=\"attachment-thumbnail size-thumbnail\" alt=\"\" \/><\/div><\/a><\/li><li><a href=\"https:\/\/www.polane.com\/fr\/realisations\/location-de-machinerie-lourde\/\" class=\"uneRealisation\"><div class=\"realisation-img d-flex align-items-center justify-content-center overflow-hidden\"><img loading=\"lazy\" decoding=\"async\" width=\"500\" height=\"500\" src=\"https:\/\/www.polane.com\/wp-content\/uploads\/2019\/07\/IMG_1204-500x500.png\" class=\"attachment-thumbnail size-thumbnail\" alt=\"\" \/><\/div><\/a><\/li><\/ul><\/div><\/div><\/div><\/div><\/div>\n<\/div>\n<\/div>\n<\/div>\n<\/div>\n<\/section>\n","protected":false},"excerpt":{"rendered":"<p>Location de machinerie lourde Location de machinerie lourde En plus de vous proposer nos services, nous vous donnant l\u2019occasion de r\u00e9aliser tous vos projets, quelle que soit leur taille, gr\u00e2ce \u00e0 notre machinerie que nous mettons \u00e0 votre disposition pour location. Gr\u00e2ce \u00e0 notre ma\u00eetrise du domaine et de nos nombreux travaux r\u00e9alis\u00e9s, nous avons [&hellip;]<\/p>\n","protected":false},"author":1,"featured_media":0,"parent":72,"menu_order":0,"comment_status":"closed","ping_status":"closed","template":"page-templates\/empty.php","meta":{"footnotes":""},"class_list":["post-106","page","type-page","status-publish","hentry"],"yoast_head":"<!-- This site is optimized with the Yoast SEO plugin v26.0 - https:\/\/yoast.com\/wordpress\/plugins\/seo\/ -->\n<title>Polane Inc. | Machinerie lourde en location<\/title>\n<meta name=\"description\" content=\"Polane Inc. | Nous mettons \u00e0 votre disposition pour location notre machinerie lourde en parfait \u00e9tat\" \/>\n<meta name=\"robots\" content=\"index, follow, max-snippet:-1, max-image-preview:large, max-video-preview:-1\" \/>\n<link rel=\"canonical\" href=\"https:\/\/www.polane.com\/fr\/services\/location-de-machinerie-lourde\/\" \/>\n<meta property=\"og:locale\" content=\"fr_FR\" \/>\n<meta property=\"og:type\" content=\"article\" \/>\n<meta property=\"og:title\" content=\"Polane Inc. | Machinerie lourde en location\" \/>\n<meta property=\"og:description\" content=\"Polane Inc. | Nous mettons \u00e0 votre disposition pour location notre machinerie lourde en parfait \u00e9tat\" \/>\n<meta property=\"og:url\" content=\"https:\/\/www.polane.com\/fr\/services\/location-de-machinerie-lourde\/\" \/>\n<meta property=\"og:site_name\" content=\"Polane Inc.\" \/>\n<meta property=\"article:modified_time\" content=\"2019-07-02T14:28:37+00:00\" \/>\n<meta name=\"twitter:card\" content=\"summary_large_image\" \/>\n<meta name=\"twitter:label1\" content=\"Dur\u00e9e de lecture estim\u00e9e\" \/>\n\t<meta name=\"twitter:data1\" content=\"1 minute\" \/>\n<script type=\"application\/ld+json\" class=\"yoast-schema-graph\">{\"@context\":\"https:\/\/schema.org\",\"@graph\":[{\"@type\":\"WebPage\",\"@id\":\"https:\/\/www.polane.com\/fr\/services\/location-de-machinerie-lourde\/\",\"url\":\"https:\/\/www.polane.com\/fr\/services\/location-de-machinerie-lourde\/\",\"name\":\"Polane Inc. | Machinerie lourde en location\",\"isPartOf\":{\"@id\":\"https:\/\/www.polane.com\/fr\/#website\"},\"datePublished\":\"2019-05-15T17:51:47+00:00\",\"dateModified\":\"2019-07-02T14:28:37+00:00\",\"description\":\"Polane Inc. | Nous mettons \u00e0 votre disposition pour location notre machinerie lourde en parfait \u00e9tat\",\"breadcrumb\":{\"@id\":\"https:\/\/www.polane.com\/fr\/services\/location-de-machinerie-lourde\/#breadcrumb\"},\"inLanguage\":\"fr-FR\",\"potentialAction\":[{\"@type\":\"ReadAction\",\"target\":[\"https:\/\/www.polane.com\/fr\/services\/location-de-machinerie-lourde\/\"]}]},{\"@type\":\"BreadcrumbList\",\"@id\":\"https:\/\/www.polane.com\/fr\/services\/location-de-machinerie-lourde\/#breadcrumb\",\"itemListElement\":[{\"@type\":\"ListItem\",\"position\":1,\"name\":\"Home\",\"item\":\"https:\/\/www.polane.com\/fr\/\"},{\"@type\":\"ListItem\",\"position\":2,\"name\":\"Services\",\"item\":\"https:\/\/www.polane.com\/fr\/services\/\"},{\"@type\":\"ListItem\",\"position\":3,\"name\":\"Location de machinerie lourde\"}]},{\"@type\":\"WebSite\",\"@id\":\"https:\/\/www.polane.com\/fr\/#website\",\"url\":\"https:\/\/www.polane.com\/fr\/\",\"name\":\"Polane Inc.\",\"description\":\"\",\"publisher\":{\"@id\":\"https:\/\/www.polane.com\/fr\/#organization\"},\"potentialAction\":[{\"@type\":\"SearchAction\",\"target\":{\"@type\":\"EntryPoint\",\"urlTemplate\":\"https:\/\/www.polane.com\/fr\/?s={search_term_string}\"},\"query-input\":{\"@type\":\"PropertyValueSpecification\",\"valueRequired\":true,\"valueName\":\"search_term_string\"}}],\"inLanguage\":\"fr-FR\"},{\"@type\":\"Organization\",\"@id\":\"https:\/\/www.polane.com\/fr\/#organization\",\"name\":\"Polane Inc.\",\"url\":\"https:\/\/www.polane.com\/fr\/\",\"logo\":{\"@type\":\"ImageObject\",\"inLanguage\":\"fr-FR\",\"@id\":\"https:\/\/www.polane.com\/fr\/#\/schema\/logo\/image\/\",\"url\":\"https:\/\/www.polane.com\/wp-content\/uploads\/2023\/05\/polane-LOGOS-small-2.png\",\"contentUrl\":\"https:\/\/www.polane.com\/wp-content\/uploads\/2023\/05\/polane-LOGOS-small-2.png\",\"width\":311,\"height\":74,\"caption\":\"Polane Inc.\"},\"image\":{\"@id\":\"https:\/\/www.polane.com\/fr\/#\/schema\/logo\/image\/\"}}]}<\/script>\n<!-- \/ Yoast SEO plugin. -->","yoast_head_json":{"title":"Polane Inc. | Machinerie lourde en location","description":"Polane Inc. | Nous mettons \u00e0 votre disposition pour location notre machinerie lourde en parfait \u00e9tat","robots":{"index":"index","follow":"follow","max-snippet":"max-snippet:-1","max-image-preview":"max-image-preview:large","max-video-preview":"max-video-preview:-1"},"canonical":"https:\/\/www.polane.com\/fr\/services\/location-de-machinerie-lourde\/","og_locale":"fr_FR","og_type":"article","og_title":"Polane Inc. | Machinerie lourde en location","og_description":"Polane Inc. | Nous mettons \u00e0 votre disposition pour location notre machinerie lourde en parfait \u00e9tat","og_url":"https:\/\/www.polane.com\/fr\/services\/location-de-machinerie-lourde\/","og_site_name":"Polane Inc.","article_modified_time":"2019-07-02T14:28:37+00:00","twitter_card":"summary_large_image","twitter_misc":{"Dur\u00e9e de lecture estim\u00e9e":"1 minute"},"schema":{"@context":"https:\/\/schema.org","@graph":[{"@type":"WebPage","@id":"https:\/\/www.polane.com\/fr\/services\/location-de-machinerie-lourde\/","url":"https:\/\/www.polane.com\/fr\/services\/location-de-machinerie-lourde\/","name":"Polane Inc. | Machinerie lourde en location","isPartOf":{"@id":"https:\/\/www.polane.com\/fr\/#website"},"datePublished":"2019-05-15T17:51:47+00:00","dateModified":"2019-07-02T14:28:37+00:00","description":"Polane Inc. | Nous mettons \u00e0 votre disposition pour location notre machinerie lourde en parfait \u00e9tat","breadcrumb":{"@id":"https:\/\/www.polane.com\/fr\/services\/location-de-machinerie-lourde\/#breadcrumb"},"inLanguage":"fr-FR","potentialAction":[{"@type":"ReadAction","target":["https:\/\/www.polane.com\/fr\/services\/location-de-machinerie-lourde\/"]}]},{"@type":"BreadcrumbList","@id":"https:\/\/www.polane.com\/fr\/services\/location-de-machinerie-lourde\/#breadcrumb","itemListElement":[{"@type":"ListItem","position":1,"name":"Home","item":"https:\/\/www.polane.com\/fr\/"},{"@type":"ListItem","position":2,"name":"Services","item":"https:\/\/www.polane.com\/fr\/services\/"},{"@type":"ListItem","position":3,"name":"Location de machinerie lourde"}]},{"@type":"WebSite","@id":"https:\/\/www.polane.com\/fr\/#website","url":"https:\/\/www.polane.com\/fr\/","name":"Polane Inc.","description":"","publisher":{"@id":"https:\/\/www.polane.com\/fr\/#organization"},"potentialAction":[{"@type":"SearchAction","target":{"@type":"EntryPoint","urlTemplate":"https:\/\/www.polane.com\/fr\/?s={search_term_string}"},"query-input":{"@type":"PropertyValueSpecification","valueRequired":true,"valueName":"search_term_string"}}],"inLanguage":"fr-FR"},{"@type":"Organization","@id":"https:\/\/www.polane.com\/fr\/#organization","name":"Polane Inc.","url":"https:\/\/www.polane.com\/fr\/","logo":{"@type":"ImageObject","inLanguage":"fr-FR","@id":"https:\/\/www.polane.com\/fr\/#\/schema\/logo\/image\/","url":"https:\/\/www.polane.com\/wp-content\/uploads\/2023\/05\/polane-LOGOS-small-2.png","contentUrl":"https:\/\/www.polane.com\/wp-content\/uploads\/2023\/05\/polane-LOGOS-small-2.png","width":311,"height":74,"caption":"Polane Inc."},"image":{"@id":"https:\/\/www.polane.com\/fr\/#\/schema\/logo\/image\/"}}]}},"_links":{"self":[{"href":"https:\/\/www.polane.com\/fr\/wp-json\/wp\/v2\/pages\/106","targetHints":{"allow":["GET"]}}],"collection":[{"href":"https:\/\/www.polane.com\/fr\/wp-json\/wp\/v2\/pages"}],"about":[{"href":"https:\/\/www.polane.com\/fr\/wp-json\/wp\/v2\/types\/page"}],"author":[{"embeddable":true,"href":"https:\/\/www.polane.com\/fr\/wp-json\/wp\/v2\/users\/1"}],"replies":[{"embeddable":true,"href":"https:\/\/www.polane.com\/fr\/wp-json\/wp\/v2\/comments?post=106"}],"version-history":[{"count":9,"href":"https:\/\/www.polane.com\/fr\/wp-json\/wp\/v2\/pages\/106\/revisions"}],"predecessor-version":[{"id":705,"href":"https:\/\/www.polane.com\/fr\/wp-json\/wp\/v2\/pages\/106\/revisions\/705"}],"up":[{"embeddable":true,"href":"https:\/\/www.polane.com\/fr\/wp-json\/wp\/v2\/pages\/72"}],"wp:attachment":[{"href":"https:\/\/www.polane.com\/fr\/wp-json\/wp\/v2\/media?parent=106"}],"curies":[{"name":"wp","href":"https:\/\/api.w.org\/{rel}","templated":true}]}}