{"id":109,"date":"2019-05-15T17:56:51","date_gmt":"2019-05-15T17:56:51","guid":{"rendered":"https:\/\/www.polane.com\/?page_id=109"},"modified":"2019-11-28T11:12:37","modified_gmt":"2019-11-28T16:12:37","slug":"carrieres","status":"publish","type":"page","link":"https:\/\/www.polane.com\/fr\/carrieres\/","title":{"rendered":"Carri\u00e8res"},"content":{"rendered":"<section class=\"title_container carrieres content_container\">\n<div class=\"container-fluid\">\n<div class=\"row\">\n<div class=\"col-12 col-xl-8 \">\n<div class=\"lc-block bg-carriere\">\n<div lc-helper=\"shortcode\" class=\"live-shortcode services-slider\"><\/div>\n<\/p><\/div>\n<\/p><\/div>\n<div class=\"col-12 col-xl-4\">\n<div class=\"lc-block carrieres-content\">\n<div editable=\"rich\">\n<h2><strong>Faire carri\u00e8re <\/strong>dans un environnement <strong>dynamique et stimulant<\/strong><\/h2>\n<ul>\n<li>Avatages sociaux<\/li>\n<li>Possibilit\u00e9 d&rsquo;avancement<\/li>\n<li>\u00c9quilibre travail-famille<\/li>\n<li>Environnement agr\u00e9able<\/li>\n<\/ul><\/div>\n<\/p><\/div>\n<div class=\"lc-block\">\n<div lc-helper=\"shortcode\" class=\"live-shortcode\">\n<div class=\"wpcf7 no-js\" id=\"wpcf7-f112-o1\" lang=\"en-US\" dir=\"ltr\" data-wpcf7-id=\"112\">\n<div class=\"screen-reader-response\"><p role=\"status\" aria-live=\"polite\" aria-atomic=\"true\"><\/p> <ul><\/ul><\/div>\n<form action=\"\/fr\/wp-json\/wp\/v2\/pages\/109#wpcf7-f112-o1\" method=\"post\" class=\"wpcf7-form init\" aria-label=\"Contact form\" enctype=\"multipart\/form-data\" novalidate=\"novalidate\" data-status=\"init\">\n<fieldset class=\"hidden-fields-container\"><input type=\"hidden\" name=\"_wpcf7\" value=\"112\" \/><input type=\"hidden\" name=\"_wpcf7_version\" value=\"6.1.1\" \/><input type=\"hidden\" name=\"_wpcf7_locale\" value=\"en_US\" \/><input type=\"hidden\" name=\"_wpcf7_unit_tag\" value=\"wpcf7-f112-o1\" \/><input type=\"hidden\" name=\"_wpcf7_container_post\" value=\"0\" \/><input type=\"hidden\" name=\"_wpcf7_posted_data_hash\" value=\"\" \/><input type=\"hidden\" name=\"_wpcf7_recaptcha_response\" value=\"\" \/>\n<\/fieldset>\n<div class=\"theFormCarriere\">\n  <div class='column'>\n    <span class=\"wpcf7-form-control-wrap\" data-name=\"your-name\"><input size=\"40\" maxlength=\"400\" class=\"wpcf7-form-control wpcf7-text wpcf7-validates-as-required\" id=\"your-name\" aria-required=\"true\" aria-invalid=\"false\" placeholder=\"Votre nom complet *\" value=\"\" type=\"text\" name=\"your-name\" \/><\/span>\n  <\/div>\n  <div class='column'>\n    <span class=\"wpcf7-form-control-wrap\" data-name=\"your-email\"><input size=\"40\" maxlength=\"400\" class=\"wpcf7-form-control wpcf7-email wpcf7-validates-as-required wpcf7-text wpcf7-validates-as-email\" id=\"your-email\" aria-required=\"true\" aria-invalid=\"false\" placeholder=\"Courriel *\" value=\"\" type=\"email\" name=\"your-email\" \/><\/span>\n  <\/div>\n  <div class='column'>\n    <span class=\"wpcf7-form-control-wrap\" data-name=\"your-tel\"><input size=\"40\" maxlength=\"400\" class=\"wpcf7-form-control wpcf7-tel wpcf7-validates-as-required wpcf7-text wpcf7-validates-as-tel\" id=\"your-tel\" aria-required=\"true\" aria-invalid=\"false\" placeholder=\"T\u00e9l\u00e9phone *\" value=\"\" type=\"tel\" name=\"your-tel\" \/><\/span>\n  <\/div>\n  <div class='column'>\n\n    <span class=\"wpcf7-form-control-wrap\" data-name=\"your-sujet\"><select class=\"wpcf7-form-control wpcf7-select wpcf7-validates-as-required\" id=\"your-sujet\" aria-required=\"true\" aria-invalid=\"false\" name=\"your-sujet\"><option value=\"\">Choisir votre poste...<\/option><option value=\"Op\u00e9rateur d\u2019\u00e9quipements lourds\">Op\u00e9rateur d\u2019\u00e9quipements lourds<\/option><option value=\"Op\u00e9rateur de pelle\">Op\u00e9rateur de pelle<\/option><option value=\"Man\u0153uvre sp\u00e9cialis\u00e9\">Man\u0153uvre sp\u00e9cialis\u00e9<\/option><option value=\"Charpentier Menuisier\">Charpentier Menuisier<\/option><option value=\"Arpenteur\">Arpenteur<\/option><option value=\"Contrema\u00eetre\">Contrema\u00eetre<\/option><option value=\"Surintendant\">Surintendant<\/option><option value=\"Signaleur routier\">Signaleur routier<\/option><option value=\"M\u00e9canique de v\u00e9hicules lourds\/\u00e9quipements lourds\">M\u00e9canique de v\u00e9hicules lourds\/\u00e9quipements lourds<\/option><option value=\"Op\u00e9rateur de loader\">Op\u00e9rateur de loader<\/option><option value=\"Op\u00e9rateur de niveleuse\">Op\u00e9rateur de niveleuse<\/option><option value=\"Agent centre d\u2019appel\">Agent centre d\u2019appel<\/option><option value=\"Chauffeur de fardier\">Chauffeur de fardier<\/option><option value=\"Charg\u00e9 de projets\">Charg\u00e9 de projets<\/option><option value=\"Estimateur\">Estimateur<\/option><option value=\"Technicien en g\u00e9nie civil\">Technicien en g\u00e9nie civil<\/option><option value=\"Soutien gestion de projet\">Soutien gestion de projet<\/option><option value=\"Adjointe service m\u00e9canique\">Adjointe service m\u00e9canique<\/option><option value=\"Commis paie\">Commis paie<\/option><option value=\"Secr\u00e9taire-r\u00e9ceptionniste\">Secr\u00e9taire-r\u00e9ceptionniste<\/option><option value=\"Camionneur pour camion \u00e0 benne\">Camionneur pour camion \u00e0 benne<\/option><option value=\"Autres\">Autres<\/option><\/select><\/span>\n  <\/div>\n  <div class='column'>\n    <span class=\"wpcf7-form-control-wrap\" data-name=\"your-message\"><textarea cols=\"40\" rows=\"5\" maxlength=\"2000\" class=\"wpcf7-form-control wpcf7-textarea wpcf7-validates-as-required\" id=\"your-message\" aria-required=\"true\" aria-invalid=\"false\" placeholder=\"Message *\" name=\"your-message\"><\/textarea><\/span>\n  <\/div>\n  <div class='column file-input'>\n    <label for='your-cv'>T\u00e9l\u00e9versez votre CV (Word ou PDF seulement)<\/label><label for=\"your-cv\" class=\"input-label\"><span>Choisir<\/span><\/label><span class=\"wpcf7-form-control-wrap\" data-name=\"your-cv\"><input size=\"40\" class=\"wpcf7-form-control wpcf7-file\" id=\"your-cv\" accept=\".doc,.docx,.pdf\" aria-invalid=\"false\" type=\"file\" name=\"your-cv\" \/><\/span>\n  <\/div>\n  <div class='column d-flex justify-content-end'>\n    <span class=\"wpcf7-form-control-wrap\" data-name=\"confEmail\"><input size=\"40\" maxlength=\"400\" class=\"wpcf7-form-control wpcf7-text\" id=\"confEmail\" aria-invalid=\"false\" value=\"\" type=\"text\" name=\"confEmail\" \/><\/span><input class=\"wpcf7-form-control wpcf7-submit has-spinner btn contact blanc\" type=\"submit\" value=\"Soumettre la candidature\" \/>\n  <\/div>\n<\/div><div class=\"wpcf7-response-output\" aria-hidden=\"true\"><\/div>\n<\/form>\n<\/div>\n<\/div>\n<\/p><\/div>\n<\/p><\/div>\n<\/p><\/div>\n<\/p><\/div>\n<\/section>\n<section>\n<div class=\"container\">\n<div class=\"row\">\n<div class=\"col-md-12\">\n<div class=\"lc-block\">\n<div class=\"accordion\" id=\"accordion-rat\">\n<div class=\"card\">\n<div class=\"card-header\" id=\"headingOne\">\n<h5 class=\"mb-0\"> <button class=\"btn btn-link otherFonts accordeon collapsed\" type=\"button\" data-toggle=\"collapse\" data-target=\"#collapse-rat-1\" aria-expanded=\"true\" aria-controls=\"collapse-rat-1\">Employ\u00e9s<\/button> <\/h5>\n<\/p><\/div>\n<div id=\"collapse-rat-1\" class=\"collapse hide\" aria-labelledby=\"headingOne\" data-parent=\"#accordion-rat\">\n<div class=\"card-body lc-block\">\n<div editable=\"rich\">\n<h1 class=\"text-center mb-0\">Politiques internes<\/h1>\n<p class=\"text-center m-0 consulter\">Consulter les poltiques internes<\/p>\n<ul class=\"list-politiques\">\n<li><a href=\"https:\/\/www.polane.com\/wp-content\/uploads\/2019\/11\/Politique-cannabis.pdf\" target=\"_blank\" rel=\"noopener noreferrer\">Politique sur l\u2019usage du cannabis en milieu de travail<\/a><\/li>\n<li><a href=\"https:\/\/www.polane.com\/wp-content\/uploads\/2019\/11\/Politique-HP.pdf\" target=\"_blank\" rel=\"noopener noreferrer\">Politique de pr\u00e9vention du harc\u00e8lement psychologique et sexuel et de traitement des plaintes <\/a><\/li>\n<li><a href=\"https:\/\/www.polane.com\/wp-content\/uploads\/2019\/11\/Politique-Mesures-disciplinaires.pdf\" target=\"_blank\" rel=\"noopener noreferrer\">Politique sur les mesures disciplinaires <\/a><\/li>\n<\/ul>\n<p>N&rsquo;oubliez pas d&rsquo;envoyer un courriel \u00e0 julie@polane.com pour confirmer que vous avez bien lu ces conditions<\/p>\n<\/p><\/div>\n<\/p><\/div>\n<\/p><\/div>\n<\/p><\/div>\n<\/p><\/div>\n<\/p><\/div>\n<\/p><\/div>\n<\/p><\/div>\n<\/p><\/div>\n<\/section>\n","protected":false},"excerpt":{"rendered":"<p>Faire carri\u00e8re dans un environnement dynamique et stimulant Avatages sociaux Possibilit\u00e9 d&rsquo;avancement \u00c9quilibre travail-famille Environnement agr\u00e9able Employ\u00e9s Politiques internes Consulter les poltiques internes Politique sur l\u2019usage du cannabis en milieu de travail Politique de pr\u00e9vention du harc\u00e8lement psychologique et sexuel et de traitement des plaintes Politique sur les mesures disciplinaires N&rsquo;oubliez pas d&rsquo;envoyer un courriel [&hellip;]<\/p>\n","protected":false},"author":1,"featured_media":0,"parent":0,"menu_order":0,"comment_status":"closed","ping_status":"closed","template":"page-templates\/empty.php","meta":{"footnotes":""},"class_list":["post-109","page","type-page","status-publish","hentry"],"yoast_head":"<!-- This site is optimized with the Yoast SEO plugin v26.0 - https:\/\/yoast.com\/wordpress\/plugins\/seo\/ -->\n<title>Polane Inc. | Rejoignez notre \u00e9quipe<\/title>\n<meta name=\"description\" content=\"Polane Inc. | D\u00e9couvrez les opportunit\u00e9s de carri\u00e8re chez nous\" \/>\n<meta name=\"robots\" content=\"index, follow, max-snippet:-1, max-image-preview:large, max-video-preview:-1\" \/>\n<link rel=\"canonical\" href=\"https:\/\/www.polane.com\/fr\/carrieres\/\" \/>\n<meta property=\"og:locale\" content=\"fr_FR\" \/>\n<meta property=\"og:type\" content=\"article\" \/>\n<meta property=\"og:title\" content=\"Polane Inc. | Rejoignez notre \u00e9quipe\" \/>\n<meta property=\"og:description\" content=\"Polane Inc. | D\u00e9couvrez les opportunit\u00e9s de carri\u00e8re chez nous\" \/>\n<meta property=\"og:url\" content=\"https:\/\/www.polane.com\/fr\/carrieres\/\" \/>\n<meta property=\"og:site_name\" content=\"Polane Inc.\" \/>\n<meta property=\"article:modified_time\" content=\"2019-11-28T16:12:37+00:00\" \/>\n<meta name=\"twitter:card\" content=\"summary_large_image\" \/>\n<script type=\"application\/ld+json\" class=\"yoast-schema-graph\">{\"@context\":\"https:\/\/schema.org\",\"@graph\":[{\"@type\":\"WebPage\",\"@id\":\"https:\/\/www.polane.com\/fr\/carrieres\/\",\"url\":\"https:\/\/www.polane.com\/fr\/carrieres\/\",\"name\":\"Polane Inc. | Rejoignez notre \u00e9quipe\",\"isPartOf\":{\"@id\":\"https:\/\/www.polane.com\/fr\/#website\"},\"datePublished\":\"2019-05-15T17:56:51+00:00\",\"dateModified\":\"2019-11-28T16:12:37+00:00\",\"description\":\"Polane Inc. | D\u00e9couvrez les opportunit\u00e9s de carri\u00e8re chez nous\",\"breadcrumb\":{\"@id\":\"https:\/\/www.polane.com\/fr\/carrieres\/#breadcrumb\"},\"inLanguage\":\"fr-FR\",\"potentialAction\":[{\"@type\":\"ReadAction\",\"target\":[\"https:\/\/www.polane.com\/fr\/carrieres\/\"]}]},{\"@type\":\"BreadcrumbList\",\"@id\":\"https:\/\/www.polane.com\/fr\/carrieres\/#breadcrumb\",\"itemListElement\":[{\"@type\":\"ListItem\",\"position\":1,\"name\":\"Home\",\"item\":\"https:\/\/www.polane.com\/fr\/\"},{\"@type\":\"ListItem\",\"position\":2,\"name\":\"Carri\u00e8res\"}]},{\"@type\":\"WebSite\",\"@id\":\"https:\/\/www.polane.com\/fr\/#website\",\"url\":\"https:\/\/www.polane.com\/fr\/\",\"name\":\"Polane Inc.\",\"description\":\"\",\"publisher\":{\"@id\":\"https:\/\/www.polane.com\/fr\/#organization\"},\"potentialAction\":[{\"@type\":\"SearchAction\",\"target\":{\"@type\":\"EntryPoint\",\"urlTemplate\":\"https:\/\/www.polane.com\/fr\/?s={search_term_string}\"},\"query-input\":{\"@type\":\"PropertyValueSpecification\",\"valueRequired\":true,\"valueName\":\"search_term_string\"}}],\"inLanguage\":\"fr-FR\"},{\"@type\":\"Organization\",\"@id\":\"https:\/\/www.polane.com\/fr\/#organization\",\"name\":\"Polane Inc.\",\"url\":\"https:\/\/www.polane.com\/fr\/\",\"logo\":{\"@type\":\"ImageObject\",\"inLanguage\":\"fr-FR\",\"@id\":\"https:\/\/www.polane.com\/fr\/#\/schema\/logo\/image\/\",\"url\":\"https:\/\/www.polane.com\/wp-content\/uploads\/2023\/05\/polane-LOGOS-small-2.png\",\"contentUrl\":\"https:\/\/www.polane.com\/wp-content\/uploads\/2023\/05\/polane-LOGOS-small-2.png\",\"width\":311,\"height\":74,\"caption\":\"Polane Inc.\"},\"image\":{\"@id\":\"https:\/\/www.polane.com\/fr\/#\/schema\/logo\/image\/\"}}]}<\/script>\n<!-- \/ Yoast SEO plugin. -->","yoast_head_json":{"title":"Polane Inc. | Rejoignez notre \u00e9quipe","description":"Polane Inc. | D\u00e9couvrez les opportunit\u00e9s de carri\u00e8re chez nous","robots":{"index":"index","follow":"follow","max-snippet":"max-snippet:-1","max-image-preview":"max-image-preview:large","max-video-preview":"max-video-preview:-1"},"canonical":"https:\/\/www.polane.com\/fr\/carrieres\/","og_locale":"fr_FR","og_type":"article","og_title":"Polane Inc. | Rejoignez notre \u00e9quipe","og_description":"Polane Inc. | D\u00e9couvrez les opportunit\u00e9s de carri\u00e8re chez nous","og_url":"https:\/\/www.polane.com\/fr\/carrieres\/","og_site_name":"Polane Inc.","article_modified_time":"2019-11-28T16:12:37+00:00","twitter_card":"summary_large_image","schema":{"@context":"https:\/\/schema.org","@graph":[{"@type":"WebPage","@id":"https:\/\/www.polane.com\/fr\/carrieres\/","url":"https:\/\/www.polane.com\/fr\/carrieres\/","name":"Polane Inc. | Rejoignez notre \u00e9quipe","isPartOf":{"@id":"https:\/\/www.polane.com\/fr\/#website"},"datePublished":"2019-05-15T17:56:51+00:00","dateModified":"2019-11-28T16:12:37+00:00","description":"Polane Inc. | D\u00e9couvrez les opportunit\u00e9s de carri\u00e8re chez nous","breadcrumb":{"@id":"https:\/\/www.polane.com\/fr\/carrieres\/#breadcrumb"},"inLanguage":"fr-FR","potentialAction":[{"@type":"ReadAction","target":["https:\/\/www.polane.com\/fr\/carrieres\/"]}]},{"@type":"BreadcrumbList","@id":"https:\/\/www.polane.com\/fr\/carrieres\/#breadcrumb","itemListElement":[{"@type":"ListItem","position":1,"name":"Home","item":"https:\/\/www.polane.com\/fr\/"},{"@type":"ListItem","position":2,"name":"Carri\u00e8res"}]},{"@type":"WebSite","@id":"https:\/\/www.polane.com\/fr\/#website","url":"https:\/\/www.polane.com\/fr\/","name":"Polane Inc.","description":"","publisher":{"@id":"https:\/\/www.polane.com\/fr\/#organization"},"potentialAction":[{"@type":"SearchAction","target":{"@type":"EntryPoint","urlTemplate":"https:\/\/www.polane.com\/fr\/?s={search_term_string}"},"query-input":{"@type":"PropertyValueSpecification","valueRequired":true,"valueName":"search_term_string"}}],"inLanguage":"fr-FR"},{"@type":"Organization","@id":"https:\/\/www.polane.com\/fr\/#organization","name":"Polane Inc.","url":"https:\/\/www.polane.com\/fr\/","logo":{"@type":"ImageObject","inLanguage":"fr-FR","@id":"https:\/\/www.polane.com\/fr\/#\/schema\/logo\/image\/","url":"https:\/\/www.polane.com\/wp-content\/uploads\/2023\/05\/polane-LOGOS-small-2.png","contentUrl":"https:\/\/www.polane.com\/wp-content\/uploads\/2023\/05\/polane-LOGOS-small-2.png","width":311,"height":74,"caption":"Polane Inc."},"image":{"@id":"https:\/\/www.polane.com\/fr\/#\/schema\/logo\/image\/"}}]}},"_links":{"self":[{"href":"https:\/\/www.polane.com\/fr\/wp-json\/wp\/v2\/pages\/109","targetHints":{"allow":["GET"]}}],"collection":[{"href":"https:\/\/www.polane.com\/fr\/wp-json\/wp\/v2\/pages"}],"about":[{"href":"https:\/\/www.polane.com\/fr\/wp-json\/wp\/v2\/types\/page"}],"author":[{"embeddable":true,"href":"https:\/\/www.polane.com\/fr\/wp-json\/wp\/v2\/users\/1"}],"replies":[{"embeddable":true,"href":"https:\/\/www.polane.com\/fr\/wp-json\/wp\/v2\/comments?post=109"}],"version-history":[{"count":35,"href":"https:\/\/www.polane.com\/fr\/wp-json\/wp\/v2\/pages\/109\/revisions"}],"predecessor-version":[{"id":791,"href":"https:\/\/www.polane.com\/fr\/wp-json\/wp\/v2\/pages\/109\/revisions\/791"}],"wp:attachment":[{"href":"https:\/\/www.polane.com\/fr\/wp-json\/wp\/v2\/media?parent=109"}],"curies":[{"name":"wp","href":"https:\/\/api.w.org\/{rel}","templated":true}]}}