{"id":113,"date":"2019-05-15T18:08:38","date_gmt":"2019-05-15T18:08:38","guid":{"rendered":"https:\/\/www.polane.com\/?page_id=113"},"modified":"2019-07-09T09:11:33","modified_gmt":"2019-07-09T13:11:33","slug":"equipe","status":"publish","type":"page","link":"https:\/\/www.polane.com\/fr\/equipe\/","title":{"rendered":"\u00c9quipe"},"content":{"rendered":"<section class=\"top_container equipe\">\n<div class=\"lc-block\"> <\/div>\n<\/section>\n<section class=\"content_container equipe\">\n<div class=\"container\">\n<div class=\"row align-items-center\">\n<div class=\"col-lg-5\">\n<div class=\"lc-block\">\n<div lc-helper=\"shortcode\" class=\"live-shortcode equipe-slider\"><\/div>\n<\/p><\/div>\n<\/p><\/div>\n<div class=\"col-lg-7\" data-aos=\"fade-left\">\n<div class=\"lc-block equipe-text\">\n<div editable=\"rich\">\n<h1>Notre \u00e9quipe<\/h1>\n<p>Chez POLANE Inc., chaque individu apporte sa contribution pour garantir la prosp\u00e9rit\u00e9 de l\u2019entreprise. Pour cette raison, tous nos employ\u00e9s sont minutieusement recrut\u00e9s par la direction, car nous sommes conscients du r\u00f4le qu\u2019ils jouent dans notre belle compagnie!<\/p>\n<p>Leur d\u00e9vouement et dur labeur sont le pilier de l\u2019entreprise. C\u2019est leur professionnalisme et leur attention au d\u00e9tail qui ont su fortifier et b\u00e2tir nos multiples secteurs. Si nous avons pu nous positionner comme leader dans l\u2019industrie, c\u2019est gr\u00e2ce \u00e0 la passion qu\u2019ils d\u00e9montrent au quotidien pour satisfaire nos clients, et ce, depuis 1985!<\/p>\n<\/p><\/div>\n<\/p><\/div>\n<div class=\"lc-block\">\n<div lc-helper=\"shortcode\" class=\"live-shortcode equipe-btn\"><a href='https:\/\/www.polane.com\/fr\/contact\/' class='btn contact blanc'>Plus d&rsquo;info<\/a><\/div>\n<\/p><\/div>\n<\/p><\/div>\n<\/p><\/div>\n<\/div>\n<\/section>\n<section class=\"reference_equipe_container\">\n<div class=\"container\">\n<div class=\"row align-items-center\">\n<div class=\"col-lg-7\">\n<div class=\"lc-block position-relative\" data-aos=\"fade-right\">\n<div editable=\"rich\"> <span class='line-horizontal-1' data-aos='slide-in' data-aos-once='true'><\/span><span class='line-horizontal-2' data-aos='slide-in' data-aos-once='true'><\/span><span class='line-vertical-2' data-aos='slide-in' data-aos-once='true'><\/span><\/p>\n<p>POLANE Inc. est la r\u00e9f\u00e9rence en mati\u00e8re de tout ce qui touche \u00e0 la construction priv\u00e9e et publique que ce soit \u00e0 un niveau r\u00e9gional ou national, et ce, depuis 1985.<\/p>\n<h2><strong>M. Jean-Pierre Morin gr\u00e2ce \u00e0 son initiative, son leadership et son flair pour l\u2019entrepreneuriat a su b\u00e2tir un empire solide!<\/strong> Une de ses forces a \u00e9t\u00e9 de s\u2019entourer d\u2019une \u00e9quipe dynamique et productive qui est motiv\u00e9e et d\u00e9vou\u00e9e au succ\u00e8s de l\u2019entreprise.<\/h2>\n<p>En effet, ces \u00e9quipes font de chaque projet une opportunit\u00e9 de s\u2019am\u00e9liorer et d\u00e9passer les limites, ce qui a permis \u00e0 POLANE Inc. de s\u2019imposer sur le march\u00e9 et de devenir incontournable dans ce domaine.&nbsp;<\/p>\n<\/p><\/div>\n<\/p><\/div>\n<\/p><\/div>\n<div class=\"col-lg-5 d-none d-lg-block\">\n<div class=\"lc-block\" data-aos=\"fade-left\"> <img decoding=\"async\" class=\"img-fluid equipe-img1\" data-opt-src=\"https:\/\/mlgamhdauul6.i.optimole.com\/w:auto\/h:auto\/q:auto\/https:\/\/www.polane.com\/wp-content\/uploads\/2019\/05\/equipe-img1.jpg\" src=\"https:\/\/mlgamhdauul6.i.optimole.com\/w:auto\/h:auto\/q:eco\/https:\/\/www.polane.com\/wp-content\/uploads\/2019\/05\/equipe-img1.jpg\" alt=\"\"><noscript><img decoding=\"async\" class=\"img-fluid equipe-img1\" src=\"https:\/\/mlgamhdauul6.i.optimole.com\/w:auto\/h:auto\/q:auto\/https:\/\/www.polane.com\/wp-content\/uploads\/2019\/05\/equipe-img1.jpg\" alt=\"\"><\/noscript><\/div>\n<\/p><\/div>\n<\/p><\/div>\n<\/p><\/div>\n<\/section>\n<section class=\"famille_container\">\n<div class=\"container\">\n<div class=\"row\">\n<div class=\"col-lg-7\" data-aos=\"fade-right\">\n<div class=\"lc-block\">\n<div editable=\"rich position-relative\">\n<h2>Bien plus qu&rsquo;une simple entreprise, <strong>c&rsquo;est une famille unie<\/strong> <em>qui est constamment \u00e0 la recherche du progr\u00e8s!<\/em><\/h2>\n<p> <span class=\"ligne-horizontal\" data-aos=\"slide-in\" data-aos-once=\"true\"><\/span> <\/div>\n<\/p><\/div>\n<div class=\"lc-block position-relative d-none d-xl-inline-block\"> <img decoding=\"async\" class=\"img-fluid equipe-img3\" data-opt-src=\"https:\/\/mlgamhdauul6.i.optimole.com\/w:auto\/h:auto\/q:auto\/https:\/\/www.polane.com\/wp-content\/uploads\/2019\/05\/equipe-img3.jpg\" src=\"https:\/\/mlgamhdauul6.i.optimole.com\/w:auto\/h:auto\/q:eco\/https:\/\/www.polane.com\/wp-content\/uploads\/2019\/05\/equipe-img3.jpg\" alt=\"\"><noscript><img decoding=\"async\" class=\"img-fluid equipe-img3\" src=\"https:\/\/mlgamhdauul6.i.optimole.com\/w:auto\/h:auto\/q:auto\/https:\/\/www.polane.com\/wp-content\/uploads\/2019\/05\/equipe-img3.jpg\" alt=\"\"><\/noscript><\/div>\n<div class=\"lc-block famille-primary-text\">\n<div editable=\"rich\">\n<p>Aujourd\u2019hui, plus de 30 ans plus tard, la compagnie a su conserver sa cr\u00e9dibilit\u00e9 et sa long\u00e9vit\u00e9 gr\u00e2ce aux valeurs sur lesquelles elle a \u00e9t\u00e9 b\u00e2tie.<\/p>\n<p>L\u2019excellence et la rigueur ont maintenu cette entreprise et ont permis \u00e0 l\u2019\u00e9quipe de s\u2019agrandir au fil du temps en accueillant des membres qui contribuent chacun \u00e0 leur niveau su succ\u00e8s de la compagnie.&nbsp;<\/p>\n<\/p><\/div>\n<\/p><\/div>\n<\/p><\/div>\n<div class=\"col-lg-5\" data-aos=\"fade-left\">\n<div class=\"lc-block\"> <img decoding=\"async\" class=\"img-fluid equipe-img2\" data-opt-src=\"https:\/\/mlgamhdauul6.i.optimole.com\/w:auto\/h:auto\/q:auto\/https:\/\/www.polane.com\/wp-content\/uploads\/2019\/05\/equipe-img2.jpg\" src=\"https:\/\/mlgamhdauul6.i.optimole.com\/w:auto\/h:auto\/q:eco\/https:\/\/www.polane.com\/wp-content\/uploads\/2019\/05\/equipe-img2.jpg\" alt=\"\"><noscript><img decoding=\"async\" class=\"img-fluid equipe-img2\" src=\"https:\/\/mlgamhdauul6.i.optimole.com\/w:auto\/h:auto\/q:auto\/https:\/\/www.polane.com\/wp-content\/uploads\/2019\/05\/equipe-img2.jpg\" alt=\"\"><\/noscript><\/div>\n<div class=\"lc-block famille-secondary-text\">\n<div editable=\"rich\">\n<p>Nous nous assurons d\u2019\u00eatre \u00e0 jour sur les derni\u00e8res technologies, mais nous nous chargeons \u00e9galement d\u2019innover afin d\u2019offrir le meilleur service \u00e0 nos clients. Notre am\u00e9lioration constante est d\u2019ailleurs une des raisons pour laquelle nous avons pu nous distinguer \u00e0 une \u00e9chelle nationale!<\/p>\n<p>Pour tous vos travaux de construction, Polane Inc. a la solution. Nous avons l\u2019avantage de faire affaire avec des clients de haute renomm\u00e9e qui repartent toujours satisfait du r\u00e9sultat final, et nous serons plus qu\u2019heureux de contribuer au succ\u00e8s de vos travaux. Pour cela, nous vous invitons \u00e0 d\u00e9couvrir nos r\u00e9alisations ainsi que nos services.<\/p>\n<\/p><\/div>\n<\/p><\/div>\n<\/p><\/div>\n<\/p><\/div>\n<\/p><\/div>\n<\/section>\n<section class=\"equipe_travaux_container\">\n<div class=\"container\">\n<div class=\"row\">\n<div class=\"col-xl-6 position-static\" data-aos=\"fade-right\">\n<div class=\"lc-block equipe-travaux-text\">\n<div editable=\"rich\"> <span class='line-vertical-1' data-aos='slide-in'><\/span><span class='line-horizontal-1' data-aos='slide-in'><\/span><span class='line-horizontal-2' data-aos='slide-in'><\/span><\/p>\n<h2><strong>Pour tous vos travaux, <\/strong>POLANE Inc. a la solution!<\/h2>\n<p>Nous serons plus qu&rsquo;heureux de contribuer au succ\u00e8s de vos travaux.<\/p>\n<\/p><\/div>\n<\/p><\/div>\n<div class=\"lc-block\">\n<div lc-helper=\"shortcode\" class=\"live-shortcode\"><a href='https:\/\/www.polane.com\/fr\/contact\/' class='btn contact noir'>Contactez-nous d\u00e8s maintenant<\/a><\/div>\n<\/p><\/div>\n<\/p><\/div>\n<div class=\"col-xl-6\" data-aos=\"fade-left\">\n<div class=\"lc-block equipe-carriere-text\">\n<div editable=\"rich\">\n<h2><strong>Faites carri\u00e8re<\/strong> chez POLANE Inc.<\/h2>\n<p>Nous sommes toujours \u00e0 la recherche de talents motiv\u00e9s et d\u00e9termin\u00e9s \u00e0 contribuer au succ\u00e8s de notre entreprise!<\/p>\n<\/p><\/div>\n<\/p><\/div>\n<div class=\"lc-block\">\n<div lc-helper=\"shortcode\" class=\"live-shortcode equipe-carriere-btn\"><a href='https:\/\/www.polane.com\/fr\/carrieres\/' class='btn contact blanc'>Soumettez votre candidature<\/a><\/div>\n<\/p><\/div>\n<\/p><\/div>\n<\/p><\/div>\n<\/p><\/div>\n<\/section>\n","protected":false},"excerpt":{"rendered":"<p>Notre \u00e9quipe Chez , chaque individu apporte sa contribution pour garantir la prosp\u00e9rit\u00e9 de l\u2019entreprise. Pour cette raison, tous nos employ\u00e9s sont minutieusement recrut\u00e9s par la direction, car nous sommes conscients du r\u00f4le qu\u2019ils jouent dans notre belle compagnie! Leur d\u00e9vouement et dur labeur sont le pilier de l\u2019entreprise. C\u2019est leur professionnalisme et leur attention [&hellip;]<\/p>\n","protected":false},"author":1,"featured_media":0,"parent":0,"menu_order":0,"comment_status":"closed","ping_status":"closed","template":"page-templates\/empty.php","meta":{"footnotes":""},"class_list":["post-113","page","type-page","status-publish","hentry"],"yoast_head":"<!-- This site is optimized with the Yoast SEO plugin v26.0 - https:\/\/yoast.com\/wordpress\/plugins\/seo\/ -->\n<title>Polane Inc. | D\u00e9couvrez les merveilleux membres de notre \u00e9quipe<\/title>\n<meta name=\"description\" content=\"Polane Inc. | Notre \u00e9quipe est compos\u00e9e de talents uniques qui participent au succ\u00e8s de la compagnie.\" \/>\n<meta name=\"robots\" content=\"index, follow, max-snippet:-1, max-image-preview:large, max-video-preview:-1\" \/>\n<link rel=\"canonical\" href=\"https:\/\/www.polane.com\/fr\/equipe\/\" \/>\n<meta property=\"og:locale\" content=\"fr_FR\" \/>\n<meta property=\"og:type\" content=\"article\" \/>\n<meta property=\"og:title\" content=\"Polane Inc. | D\u00e9couvrez les merveilleux membres de notre \u00e9quipe\" \/>\n<meta property=\"og:description\" content=\"Polane Inc. | Notre \u00e9quipe est compos\u00e9e de talents uniques qui participent au succ\u00e8s de la compagnie.\" \/>\n<meta property=\"og:url\" content=\"https:\/\/www.polane.com\/fr\/equipe\/\" \/>\n<meta property=\"og:site_name\" content=\"Polane Inc.\" \/>\n<meta property=\"article:modified_time\" content=\"2019-07-09T13:11:33+00:00\" \/>\n<meta property=\"og:image\" content=\"https:\/\/mlgamhdauul6.i.optimole.com\/w:auto\/h:auto\/q:auto\/https:\/\/www.polane.com\/wp-content\/uploads\/2019\/05\/equipe-img1.jpg\" \/>\n<meta name=\"twitter:card\" content=\"summary_large_image\" \/>\n<meta name=\"twitter:label1\" content=\"Dur\u00e9e de lecture estim\u00e9e\" \/>\n\t<meta name=\"twitter:data1\" content=\"3 minutes\" \/>\n<script type=\"application\/ld+json\" class=\"yoast-schema-graph\">{\"@context\":\"https:\/\/schema.org\",\"@graph\":[{\"@type\":\"WebPage\",\"@id\":\"https:\/\/www.polane.com\/fr\/equipe\/\",\"url\":\"https:\/\/www.polane.com\/fr\/equipe\/\",\"name\":\"Polane Inc. | D\u00e9couvrez les merveilleux membres de notre \u00e9quipe\",\"isPartOf\":{\"@id\":\"https:\/\/www.polane.com\/fr\/#website\"},\"primaryImageOfPage\":{\"@id\":\"https:\/\/www.polane.com\/fr\/equipe\/#primaryimage\"},\"image\":{\"@id\":\"https:\/\/www.polane.com\/fr\/equipe\/#primaryimage\"},\"thumbnailUrl\":\"https:\/\/mlgamhdauul6.i.optimole.com\/w:auto\/h:auto\/q:auto\/https:\/\/www.polane.com\/wp-content\/uploads\/2019\/05\/equipe-img1.jpg\",\"datePublished\":\"2019-05-15T18:08:38+00:00\",\"dateModified\":\"2019-07-09T13:11:33+00:00\",\"description\":\"Polane Inc. | Notre \u00e9quipe est compos\u00e9e de talents uniques qui participent au succ\u00e8s de la compagnie.\",\"breadcrumb\":{\"@id\":\"https:\/\/www.polane.com\/fr\/equipe\/#breadcrumb\"},\"inLanguage\":\"fr-FR\",\"potentialAction\":[{\"@type\":\"ReadAction\",\"target\":[\"https:\/\/www.polane.com\/fr\/equipe\/\"]}]},{\"@type\":\"ImageObject\",\"inLanguage\":\"fr-FR\",\"@id\":\"https:\/\/www.polane.com\/fr\/equipe\/#primaryimage\",\"url\":\"https:\/\/mlgamhdauul6.i.optimole.com\/w:auto\/h:auto\/q:auto\/https:\/\/www.polane.com\/wp-content\/uploads\/2019\/05\/equipe-img1.jpg\",\"contentUrl\":\"https:\/\/mlgamhdauul6.i.optimole.com\/w:auto\/h:auto\/q:auto\/https:\/\/www.polane.com\/wp-content\/uploads\/2019\/05\/equipe-img1.jpg\"},{\"@type\":\"BreadcrumbList\",\"@id\":\"https:\/\/www.polane.com\/fr\/equipe\/#breadcrumb\",\"itemListElement\":[{\"@type\":\"ListItem\",\"position\":1,\"name\":\"Home\",\"item\":\"https:\/\/www.polane.com\/fr\/\"},{\"@type\":\"ListItem\",\"position\":2,\"name\":\"\u00c9quipe\"}]},{\"@type\":\"WebSite\",\"@id\":\"https:\/\/www.polane.com\/fr\/#website\",\"url\":\"https:\/\/www.polane.com\/fr\/\",\"name\":\"Polane Inc.\",\"description\":\"\",\"publisher\":{\"@id\":\"https:\/\/www.polane.com\/fr\/#organization\"},\"potentialAction\":[{\"@type\":\"SearchAction\",\"target\":{\"@type\":\"EntryPoint\",\"urlTemplate\":\"https:\/\/www.polane.com\/fr\/?s={search_term_string}\"},\"query-input\":{\"@type\":\"PropertyValueSpecification\",\"valueRequired\":true,\"valueName\":\"search_term_string\"}}],\"inLanguage\":\"fr-FR\"},{\"@type\":\"Organization\",\"@id\":\"https:\/\/www.polane.com\/fr\/#organization\",\"name\":\"Polane Inc.\",\"url\":\"https:\/\/www.polane.com\/fr\/\",\"logo\":{\"@type\":\"ImageObject\",\"inLanguage\":\"fr-FR\",\"@id\":\"https:\/\/www.polane.com\/fr\/#\/schema\/logo\/image\/\",\"url\":\"https:\/\/www.polane.com\/wp-content\/uploads\/2023\/05\/polane-LOGOS-small-2.png\",\"contentUrl\":\"https:\/\/www.polane.com\/wp-content\/uploads\/2023\/05\/polane-LOGOS-small-2.png\",\"width\":311,\"height\":74,\"caption\":\"Polane Inc.\"},\"image\":{\"@id\":\"https:\/\/www.polane.com\/fr\/#\/schema\/logo\/image\/\"}}]}<\/script>\n<!-- \/ Yoast SEO plugin. -->","yoast_head_json":{"title":"Polane Inc. | D\u00e9couvrez les merveilleux membres de notre \u00e9quipe","description":"Polane Inc. | Notre \u00e9quipe est compos\u00e9e de talents uniques qui participent au succ\u00e8s de la compagnie.","robots":{"index":"index","follow":"follow","max-snippet":"max-snippet:-1","max-image-preview":"max-image-preview:large","max-video-preview":"max-video-preview:-1"},"canonical":"https:\/\/www.polane.com\/fr\/equipe\/","og_locale":"fr_FR","og_type":"article","og_title":"Polane Inc. | D\u00e9couvrez les merveilleux membres de notre \u00e9quipe","og_description":"Polane Inc. | Notre \u00e9quipe est compos\u00e9e de talents uniques qui participent au succ\u00e8s de la compagnie.","og_url":"https:\/\/www.polane.com\/fr\/equipe\/","og_site_name":"Polane Inc.","article_modified_time":"2019-07-09T13:11:33+00:00","og_image":[{"url":"https:\/\/mlgamhdauul6.i.optimole.com\/w:auto\/h:auto\/q:auto\/https:\/\/www.polane.com\/wp-content\/uploads\/2019\/05\/equipe-img1.jpg","type":"","width":"","height":""}],"twitter_card":"summary_large_image","twitter_misc":{"Dur\u00e9e de lecture estim\u00e9e":"3 minutes"},"schema":{"@context":"https:\/\/schema.org","@graph":[{"@type":"WebPage","@id":"https:\/\/www.polane.com\/fr\/equipe\/","url":"https:\/\/www.polane.com\/fr\/equipe\/","name":"Polane Inc. | D\u00e9couvrez les merveilleux membres de notre \u00e9quipe","isPartOf":{"@id":"https:\/\/www.polane.com\/fr\/#website"},"primaryImageOfPage":{"@id":"https:\/\/www.polane.com\/fr\/equipe\/#primaryimage"},"image":{"@id":"https:\/\/www.polane.com\/fr\/equipe\/#primaryimage"},"thumbnailUrl":"https:\/\/mlgamhdauul6.i.optimole.com\/w:auto\/h:auto\/q:auto\/https:\/\/www.polane.com\/wp-content\/uploads\/2019\/05\/equipe-img1.jpg","datePublished":"2019-05-15T18:08:38+00:00","dateModified":"2019-07-09T13:11:33+00:00","description":"Polane Inc. | Notre \u00e9quipe est compos\u00e9e de talents uniques qui participent au succ\u00e8s de la compagnie.","breadcrumb":{"@id":"https:\/\/www.polane.com\/fr\/equipe\/#breadcrumb"},"inLanguage":"fr-FR","potentialAction":[{"@type":"ReadAction","target":["https:\/\/www.polane.com\/fr\/equipe\/"]}]},{"@type":"ImageObject","inLanguage":"fr-FR","@id":"https:\/\/www.polane.com\/fr\/equipe\/#primaryimage","url":"https:\/\/mlgamhdauul6.i.optimole.com\/w:auto\/h:auto\/q:auto\/https:\/\/www.polane.com\/wp-content\/uploads\/2019\/05\/equipe-img1.jpg","contentUrl":"https:\/\/mlgamhdauul6.i.optimole.com\/w:auto\/h:auto\/q:auto\/https:\/\/www.polane.com\/wp-content\/uploads\/2019\/05\/equipe-img1.jpg"},{"@type":"BreadcrumbList","@id":"https:\/\/www.polane.com\/fr\/equipe\/#breadcrumb","itemListElement":[{"@type":"ListItem","position":1,"name":"Home","item":"https:\/\/www.polane.com\/fr\/"},{"@type":"ListItem","position":2,"name":"\u00c9quipe"}]},{"@type":"WebSite","@id":"https:\/\/www.polane.com\/fr\/#website","url":"https:\/\/www.polane.com\/fr\/","name":"Polane Inc.","description":"","publisher":{"@id":"https:\/\/www.polane.com\/fr\/#organization"},"potentialAction":[{"@type":"SearchAction","target":{"@type":"EntryPoint","urlTemplate":"https:\/\/www.polane.com\/fr\/?s={search_term_string}"},"query-input":{"@type":"PropertyValueSpecification","valueRequired":true,"valueName":"search_term_string"}}],"inLanguage":"fr-FR"},{"@type":"Organization","@id":"https:\/\/www.polane.com\/fr\/#organization","name":"Polane Inc.","url":"https:\/\/www.polane.com\/fr\/","logo":{"@type":"ImageObject","inLanguage":"fr-FR","@id":"https:\/\/www.polane.com\/fr\/#\/schema\/logo\/image\/","url":"https:\/\/www.polane.com\/wp-content\/uploads\/2023\/05\/polane-LOGOS-small-2.png","contentUrl":"https:\/\/www.polane.com\/wp-content\/uploads\/2023\/05\/polane-LOGOS-small-2.png","width":311,"height":74,"caption":"Polane Inc."},"image":{"@id":"https:\/\/www.polane.com\/fr\/#\/schema\/logo\/image\/"}}]}},"_links":{"self":[{"href":"https:\/\/www.polane.com\/fr\/wp-json\/wp\/v2\/pages\/113","targetHints":{"allow":["GET"]}}],"collection":[{"href":"https:\/\/www.polane.com\/fr\/wp-json\/wp\/v2\/pages"}],"about":[{"href":"https:\/\/www.polane.com\/fr\/wp-json\/wp\/v2\/types\/page"}],"author":[{"embeddable":true,"href":"https:\/\/www.polane.com\/fr\/wp-json\/wp\/v2\/users\/1"}],"replies":[{"embeddable":true,"href":"https:\/\/www.polane.com\/fr\/wp-json\/wp\/v2\/comments?post=113"}],"version-history":[{"count":29,"href":"https:\/\/www.polane.com\/fr\/wp-json\/wp\/v2\/pages\/113\/revisions"}],"predecessor-version":[{"id":760,"href":"https:\/\/www.polane.com\/fr\/wp-json\/wp\/v2\/pages\/113\/revisions\/760"}],"wp:attachment":[{"href":"https:\/\/www.polane.com\/fr\/wp-json\/wp\/v2\/media?parent=113"}],"curies":[{"name":"wp","href":"https:\/\/api.w.org\/{rel}","templated":true}]}}