{"id":153,"date":"2019-05-17T13:08:51","date_gmt":"2019-05-17T13:08:51","guid":{"rendered":"https:\/\/www.polane.com\/?page_id=153"},"modified":"2019-06-03T16:12:22","modified_gmt":"2019-06-03T20:12:22","slug":"realisations","status":"publish","type":"page","link":"https:\/\/www.polane.com\/fr\/realisations\/","title":{"rendered":"R\u00e9alisations"},"content":{"rendered":"<section class=\"realisations_container\">\n<div class=\"container\">\n<div class=\"row\">\n<div class=\"col-md-12\">\n<div class=\"lc-block\">\n<div editable=\"rich\">\n<h1>R\u00e9alisations<\/h1>\n<\/p><\/div>\n<\/p><\/div>\n<p><!-- \/lc-block --><\/p>\n<div class=\"lc-block\">\n<div lc-helper=\"shortcode\" class=\"live-shortcode\"><div class='realisations_list'><div class='row'><div class='col-12 col-sm-6 col-lg-4'><a href='https:\/\/www.polane.com\/fr\/realisations\/reseau-technique-urbains\/' class='uneRealisation' data-aos='zoom-in'><img loading=\"lazy\" decoding=\"async\" width=\"500\" height=\"500\" src=\"https:\/\/www.polane.com\/wp-content\/uploads\/2019\/07\/101_0441-500x500.jpg\" class=\"attachment-thumbnail size-thumbnail\" alt=\"\" \/><span><span>R\u00e9seaux techniques urbains <\/span><span>[6 photos]<\/span><\/span><\/a><\/div><div class='col-12 col-sm-6 col-lg-4'><a href='https:\/\/www.polane.com\/fr\/realisations\/location-de-machinerie-lourde\/' class='uneRealisation' data-aos='zoom-in'><img loading=\"lazy\" decoding=\"async\" width=\"500\" height=\"500\" src=\"https:\/\/www.polane.com\/wp-content\/uploads\/2019\/07\/IMG_1351-500x500.jpg\" class=\"attachment-thumbnail size-thumbnail\" alt=\"\" \/><span><span>Location de machinerie lourde <\/span><span>[10 photos]<\/span><\/span><\/a><\/div><div class='col-12 col-sm-6 col-lg-4'><a href='https:\/\/www.polane.com\/fr\/realisations\/division-mecanique-lourd\/' class='uneRealisation' data-aos='zoom-in'><img loading=\"lazy\" decoding=\"async\" width=\"500\" height=\"500\" src=\"https:\/\/www.polane.com\/wp-content\/uploads\/2019\/07\/IMG_1406-500x500.jpg\" class=\"attachment-thumbnail size-thumbnail\" alt=\"\" \/><span><span>Division m\u00e9canique lourd <\/span><span>[6 photos]<\/span><\/span><\/a><\/div><\/div><\/div><div class='load_more_btn'><div class='row'><div class='col-12'><a href='#' class='gallery_loadmore' data-postoffset='3' data-postnumber='3' data-maxpostnumber='7'>Load more projects<\/a><\/div><\/div><\/div><\/div>\n<\/p><\/div>\n<p><!-- \/lc-block -->\n\t\t\t<\/div>\n<p><!-- \/col -->\n\t\t<\/div>\n<\/p><\/div>\n<\/section>\n","protected":false},"excerpt":{"rendered":"<p>R\u00e9alisations<\/p>\n","protected":false},"author":1,"featured_media":0,"parent":0,"menu_order":0,"comment_status":"closed","ping_status":"closed","template":"page-templates\/empty.php","meta":{"footnotes":""},"class_list":["post-153","page","type-page","status-publish","hentry"],"yoast_head":"<!-- This site is optimized with the Yoast SEO plugin v26.0 - https:\/\/yoast.com\/wordpress\/plugins\/seo\/ -->\n<title>Polane Inc. | Nos r\u00e9alisations<\/title>\n<meta name=\"description\" content=\"Polane Inc. | D\u00e9couvrez nos projets et r\u00e9alisations\" \/>\n<meta name=\"robots\" content=\"index, follow, max-snippet:-1, max-image-preview:large, max-video-preview:-1\" \/>\n<link rel=\"canonical\" href=\"https:\/\/www.polane.com\/fr\/realisations\/\" \/>\n<meta property=\"og:locale\" content=\"fr_FR\" \/>\n<meta property=\"og:type\" content=\"article\" \/>\n<meta property=\"og:title\" content=\"Polane Inc. | Nos r\u00e9alisations\" \/>\n<meta property=\"og:description\" content=\"Polane Inc. | D\u00e9couvrez nos projets et r\u00e9alisations\" \/>\n<meta property=\"og:url\" content=\"https:\/\/www.polane.com\/fr\/realisations\/\" \/>\n<meta property=\"og:site_name\" content=\"Polane Inc.\" \/>\n<meta property=\"article:modified_time\" content=\"2019-06-03T20:12:22+00:00\" \/>\n<meta name=\"twitter:card\" content=\"summary_large_image\" \/>\n<script type=\"application\/ld+json\" class=\"yoast-schema-graph\">{\"@context\":\"https:\/\/schema.org\",\"@graph\":[{\"@type\":\"WebPage\",\"@id\":\"https:\/\/www.polane.com\/fr\/realisations\/\",\"url\":\"https:\/\/www.polane.com\/fr\/realisations\/\",\"name\":\"Polane Inc. | Nos r\u00e9alisations\",\"isPartOf\":{\"@id\":\"https:\/\/www.polane.com\/fr\/#website\"},\"datePublished\":\"2019-05-17T13:08:51+00:00\",\"dateModified\":\"2019-06-03T20:12:22+00:00\",\"description\":\"Polane Inc. | D\u00e9couvrez nos projets et r\u00e9alisations\",\"breadcrumb\":{\"@id\":\"https:\/\/www.polane.com\/fr\/realisations\/#breadcrumb\"},\"inLanguage\":\"fr-FR\",\"potentialAction\":[{\"@type\":\"ReadAction\",\"target\":[\"https:\/\/www.polane.com\/fr\/realisations\/\"]}]},{\"@type\":\"BreadcrumbList\",\"@id\":\"https:\/\/www.polane.com\/fr\/realisations\/#breadcrumb\",\"itemListElement\":[{\"@type\":\"ListItem\",\"position\":1,\"name\":\"Home\",\"item\":\"https:\/\/www.polane.com\/fr\/\"},{\"@type\":\"ListItem\",\"position\":2,\"name\":\"R\u00e9alisations\"}]},{\"@type\":\"WebSite\",\"@id\":\"https:\/\/www.polane.com\/fr\/#website\",\"url\":\"https:\/\/www.polane.com\/fr\/\",\"name\":\"Polane Inc.\",\"description\":\"\",\"publisher\":{\"@id\":\"https:\/\/www.polane.com\/fr\/#organization\"},\"potentialAction\":[{\"@type\":\"SearchAction\",\"target\":{\"@type\":\"EntryPoint\",\"urlTemplate\":\"https:\/\/www.polane.com\/fr\/?s={search_term_string}\"},\"query-input\":{\"@type\":\"PropertyValueSpecification\",\"valueRequired\":true,\"valueName\":\"search_term_string\"}}],\"inLanguage\":\"fr-FR\"},{\"@type\":\"Organization\",\"@id\":\"https:\/\/www.polane.com\/fr\/#organization\",\"name\":\"Polane Inc.\",\"url\":\"https:\/\/www.polane.com\/fr\/\",\"logo\":{\"@type\":\"ImageObject\",\"inLanguage\":\"fr-FR\",\"@id\":\"https:\/\/www.polane.com\/fr\/#\/schema\/logo\/image\/\",\"url\":\"https:\/\/www.polane.com\/wp-content\/uploads\/2023\/05\/polane-LOGOS-small-2.png\",\"contentUrl\":\"https:\/\/www.polane.com\/wp-content\/uploads\/2023\/05\/polane-LOGOS-small-2.png\",\"width\":311,\"height\":74,\"caption\":\"Polane Inc.\"},\"image\":{\"@id\":\"https:\/\/www.polane.com\/fr\/#\/schema\/logo\/image\/\"}}]}<\/script>\n<!-- \/ Yoast SEO plugin. -->","yoast_head_json":{"title":"Polane Inc. | Nos r\u00e9alisations","description":"Polane Inc. | D\u00e9couvrez nos projets et r\u00e9alisations","robots":{"index":"index","follow":"follow","max-snippet":"max-snippet:-1","max-image-preview":"max-image-preview:large","max-video-preview":"max-video-preview:-1"},"canonical":"https:\/\/www.polane.com\/fr\/realisations\/","og_locale":"fr_FR","og_type":"article","og_title":"Polane Inc. | Nos r\u00e9alisations","og_description":"Polane Inc. | D\u00e9couvrez nos projets et r\u00e9alisations","og_url":"https:\/\/www.polane.com\/fr\/realisations\/","og_site_name":"Polane Inc.","article_modified_time":"2019-06-03T20:12:22+00:00","twitter_card":"summary_large_image","schema":{"@context":"https:\/\/schema.org","@graph":[{"@type":"WebPage","@id":"https:\/\/www.polane.com\/fr\/realisations\/","url":"https:\/\/www.polane.com\/fr\/realisations\/","name":"Polane Inc. | Nos r\u00e9alisations","isPartOf":{"@id":"https:\/\/www.polane.com\/fr\/#website"},"datePublished":"2019-05-17T13:08:51+00:00","dateModified":"2019-06-03T20:12:22+00:00","description":"Polane Inc. | D\u00e9couvrez nos projets et r\u00e9alisations","breadcrumb":{"@id":"https:\/\/www.polane.com\/fr\/realisations\/#breadcrumb"},"inLanguage":"fr-FR","potentialAction":[{"@type":"ReadAction","target":["https:\/\/www.polane.com\/fr\/realisations\/"]}]},{"@type":"BreadcrumbList","@id":"https:\/\/www.polane.com\/fr\/realisations\/#breadcrumb","itemListElement":[{"@type":"ListItem","position":1,"name":"Home","item":"https:\/\/www.polane.com\/fr\/"},{"@type":"ListItem","position":2,"name":"R\u00e9alisations"}]},{"@type":"WebSite","@id":"https:\/\/www.polane.com\/fr\/#website","url":"https:\/\/www.polane.com\/fr\/","name":"Polane Inc.","description":"","publisher":{"@id":"https:\/\/www.polane.com\/fr\/#organization"},"potentialAction":[{"@type":"SearchAction","target":{"@type":"EntryPoint","urlTemplate":"https:\/\/www.polane.com\/fr\/?s={search_term_string}"},"query-input":{"@type":"PropertyValueSpecification","valueRequired":true,"valueName":"search_term_string"}}],"inLanguage":"fr-FR"},{"@type":"Organization","@id":"https:\/\/www.polane.com\/fr\/#organization","name":"Polane Inc.","url":"https:\/\/www.polane.com\/fr\/","logo":{"@type":"ImageObject","inLanguage":"fr-FR","@id":"https:\/\/www.polane.com\/fr\/#\/schema\/logo\/image\/","url":"https:\/\/www.polane.com\/wp-content\/uploads\/2023\/05\/polane-LOGOS-small-2.png","contentUrl":"https:\/\/www.polane.com\/wp-content\/uploads\/2023\/05\/polane-LOGOS-small-2.png","width":311,"height":74,"caption":"Polane Inc."},"image":{"@id":"https:\/\/www.polane.com\/fr\/#\/schema\/logo\/image\/"}}]}},"_links":{"self":[{"href":"https:\/\/www.polane.com\/fr\/wp-json\/wp\/v2\/pages\/153","targetHints":{"allow":["GET"]}}],"collection":[{"href":"https:\/\/www.polane.com\/fr\/wp-json\/wp\/v2\/pages"}],"about":[{"href":"https:\/\/www.polane.com\/fr\/wp-json\/wp\/v2\/types\/page"}],"author":[{"embeddable":true,"href":"https:\/\/www.polane.com\/fr\/wp-json\/wp\/v2\/users\/1"}],"replies":[{"embeddable":true,"href":"https:\/\/www.polane.com\/fr\/wp-json\/wp\/v2\/comments?post=153"}],"version-history":[{"count":4,"href":"https:\/\/www.polane.com\/fr\/wp-json\/wp\/v2\/pages\/153\/revisions"}],"predecessor-version":[{"id":330,"href":"https:\/\/www.polane.com\/fr\/wp-json\/wp\/v2\/pages\/153\/revisions\/330"}],"wp:attachment":[{"href":"https:\/\/www.polane.com\/fr\/wp-json\/wp\/v2\/media?parent=153"}],"curies":[{"name":"wp","href":"https:\/\/api.w.org\/{rel}","templated":true}]}}