{"id":2,"date":"2019-05-07T17:10:19","date_gmt":"2019-05-07T17:10:19","guid":{"rendered":"https:\/\/www.polane.com\/?page_id=2"},"modified":"2019-07-10T14:32:49","modified_gmt":"2019-07-10T18:32:49","slug":"sample-page","status":"publish","type":"page","link":"https:\/\/www.polane.com\/fr\/","title":{"rendered":"Home Page"},"content":{"rendered":"<section>\n<div class=\"container\">\n<div class=\"row\">\n<div class=\"col-md-12\"><\/div>\n<\/p><\/div>\n<\/p><\/div>\n<\/section>\n<section class=\"main_slider\">\n<div class=\"container\">\n<div class=\"row\">\n<div class=\"col-md-12\">\n<div class=\"lc-block\">\n<div editable=\"rich\">\n<h1>Depuis 1985<\/h1>\n<\/p><\/div>\n<\/p><\/div>\n<\/p><\/div>\n<\/p><\/div>\n<\/p><\/div>\n<\/section>\n<section class=\"main-secondary-section\">\n<div class=\"lc-block\">\n<div lc-helper=\"shortcode\" class=\"live-shortcode main-secondary-slider\"> <video controls=\"controls\"><source src=\"https:\/\/www.polane.com\/wp-content\/themes\/yannickweb\/assets\/videos\/home-video-full.mp4\" type=\"video\/mp4\"><\/video> <\/div>\n<\/p><\/div>\n<\/section>\n<section class=\"services_slider_container\">\n<div class=\"container\">\n<div class=\"row\">\n<div class=\"col-md-12\">\n<div class=\"lc-block\">\n<div lc-helper=\"shortcode\" class=\"live-shortcode\"><div class=\"the_services_sliderflex carousel\"><ul class='slides'><li><a href=\"https:\/\/www.polane.com\/fr\/services\/coffrage\/\" class=\"unService\"><div class=\"service-icon\"><img src='https:\/\/www.polane.com\/wp-content\/themes\/yannickweb\/assets\/images\/coffrage.svg' class='service-icon-img' alt='' \/><\/div><div class=\"service-text\"><p class=\"otherFonts\">Coffrage<\/p><\/div><\/a><\/li><li><a href=\"https:\/\/www.polane.com\/fr\/services\/division-mecanique-lourd\/\" class=\"unService\"><div class=\"service-icon\"><img src='https:\/\/www.polane.com\/wp-content\/themes\/yannickweb\/assets\/images\/division-mecanique-lourd.svg' class='service-icon-img' alt='' \/><\/div><div class=\"service-text\"><p class=\"otherFonts\">Division m\u00e9canique lourd<\/p><\/div><\/a><\/li><li><a href=\"https:\/\/www.polane.com\/fr\/services\/eclairage-et-feux-de-circulation\/\" class=\"unService\"><div class=\"service-icon\"><img src='https:\/\/www.polane.com\/wp-content\/themes\/yannickweb\/assets\/images\/eclairage-et-feux-de-circulation.svg' class='service-icon-img' alt='' \/><\/div><div class=\"service-text\"><p class=\"otherFonts\">\u00c9clairage et feux de circulation<\/p><\/div><\/a><\/li><li><a href=\"https:\/\/www.polane.com\/fr\/services\/egouts-et-aqueduc\/\" class=\"unService\"><div class=\"service-icon\"><img src='https:\/\/www.polane.com\/wp-content\/themes\/yannickweb\/assets\/images\/egouts-et-aqueduc.svg' class='service-icon-img' alt='' \/><\/div><div class=\"service-text\"><p class=\"otherFonts\">\u00c9gouts et aqueduc<\/p><\/div><\/a><\/li><li><a href=\"https:\/\/www.polane.com\/fr\/services\/excavation-residentielle-et-commerciale\/\" class=\"unService\"><div class=\"service-icon\"><img src='https:\/\/www.polane.com\/wp-content\/themes\/yannickweb\/assets\/images\/excavation-residentielle-et-commerciale.svg' class='service-icon-img' alt='' \/><\/div><div class=\"service-text\"><p class=\"otherFonts\">Excavation r\u00e9sidentielle et commerciale<\/p><\/div><\/a><\/li><li><a href=\"https:\/\/www.polane.com\/fr\/services\/location-de-machinerie-lourde\/\" class=\"unService\"><div class=\"service-icon\"><img src='https:\/\/www.polane.com\/wp-content\/themes\/yannickweb\/assets\/images\/location-de-machinerie-lourde.svg' class='service-icon-img' alt='' \/><\/div><div class=\"service-text\"><p class=\"otherFonts\">Location de machinerie lourde<\/p><\/div><\/a><\/li><li><a href=\"https:\/\/www.polane.com\/fr\/services\/reseaux-techniques-urbains\/\" class=\"unService\"><div class=\"service-icon\"><img src='https:\/\/www.polane.com\/wp-content\/themes\/yannickweb\/assets\/images\/reseaux-techniques-urbains.svg' class='service-icon-img' alt='' \/><\/div><div class=\"service-text\"><p class=\"otherFonts\">R\u00e9seaux techniques urbains<\/p><\/div><\/a><\/li><\/ul><\/div><\/div>\n<\/p><\/div>\n<\/p><\/div>\n<\/p><\/div>\n<\/p><\/div>\n<\/section>\n<section class=\"home_carriere_container\">\n<div class=\"container\">\n<div class=\"row\">\n<div class=\"col-md-6 d-none d-xl-block\">\n<div class=\"lc-block\"> <img decoding=\"async\" class=\"img-fluid home-carriere-img\" src=\"https:\/\/www.polane.com\/wp-content\/uploads\/2019\/05\/home-carriere-img-1.jpg\" data-aos=\"fade-right\" alt=\"\"><\/div>\n<\/p><\/div>\n<div class=\"col-xl-6\" data-aos=\"fade-left\">\n<div class=\"lc-block home-carriere-text\">\n<div editable=\"rich\">\n<h4><strong>Faites carri\u00e8re <\/strong>chez POLANE Inc.<\/h4>\n<p>Nous sommes toujours \u00e0 la recherche de talents motiv\u00e9s et d\u00e9termin\u00e9s \u00e0 contribuer au succ\u00e8s de notre entreprise!<\/p>\n<\/p><\/div>\n<\/p><\/div>\n<div class=\"lc-block\">\n<div lc-helper=\"shortcode\" class=\"live-shortcode home-carriere-btn\"><a href='https:\/\/www.polane.com\/fr\/carrieres\/' class='btn contact bleu'>Soumettez votre candidature<\/a><\/div>\n<\/p><\/div>\n<\/p><\/div>\n<\/p><\/div>\n<\/p><\/div>\n<\/section>\n","protected":false},"excerpt":{"rendered":"<p>Depuis 1985 Faites carri\u00e8re chez Nous sommes toujours \u00e0 la recherche de talents motiv\u00e9s et d\u00e9termin\u00e9s \u00e0 contribuer au succ\u00e8s de notre entreprise!<\/p>\n","protected":false},"author":1,"featured_media":0,"parent":0,"menu_order":0,"comment_status":"closed","ping_status":"open","template":"page-templates\/empty.php","meta":{"footnotes":""},"class_list":["post-2","page","type-page","status-publish","hentry"],"yoast_head":"<!-- This site is optimized with the Yoast SEO plugin v26.0 - https:\/\/yoast.com\/wordpress\/plugins\/seo\/ -->\n<title>Polane Inc. | Bienvenue sur la page officielle de Polane<\/title>\n<meta name=\"description\" content=\"Polane Inc. | Polane est la r\u00e9f\u00e9rence pour tous vos travaux d\u2019excavation, de coffrage, d\u2019\u00e9gouts et bien plus\" \/>\n<meta name=\"robots\" content=\"index, follow, max-snippet:-1, max-image-preview:large, max-video-preview:-1\" \/>\n<link rel=\"canonical\" href=\"https:\/\/www.polane.com\/fr\/\" \/>\n<meta property=\"og:locale\" content=\"fr_FR\" \/>\n<meta property=\"og:type\" content=\"article\" \/>\n<meta property=\"og:title\" content=\"Polane Inc. | Bienvenue sur la page officielle de Polane\" \/>\n<meta property=\"og:description\" content=\"Polane Inc. | Polane est la r\u00e9f\u00e9rence pour tous vos travaux d\u2019excavation, de coffrage, d\u2019\u00e9gouts et bien plus\" \/>\n<meta property=\"og:url\" content=\"https:\/\/www.polane.com\/fr\/\" \/>\n<meta property=\"og:site_name\" content=\"Polane Inc.\" \/>\n<meta property=\"article:modified_time\" content=\"2019-07-10T18:32:49+00:00\" \/>\n<meta property=\"og:image\" content=\"https:\/\/www.polane.com\/wp-content\/uploads\/2019\/05\/home-carriere-img-1.jpg\" \/>\n<meta name=\"twitter:card\" content=\"summary_large_image\" \/>\n<script type=\"application\/ld+json\" class=\"yoast-schema-graph\">{\"@context\":\"https:\/\/schema.org\",\"@graph\":[{\"@type\":\"WebPage\",\"@id\":\"https:\/\/www.polane.com\/fr\/\",\"url\":\"https:\/\/www.polane.com\/fr\/\",\"name\":\"Polane Inc. | Bienvenue sur la page officielle de Polane\",\"isPartOf\":{\"@id\":\"https:\/\/www.polane.com\/fr\/#website\"},\"primaryImageOfPage\":{\"@id\":\"https:\/\/www.polane.com\/fr\/#primaryimage\"},\"image\":{\"@id\":\"https:\/\/www.polane.com\/fr\/#primaryimage\"},\"thumbnailUrl\":\"https:\/\/www.polane.com\/wp-content\/uploads\/2019\/05\/home-carriere-img-1.jpg\",\"datePublished\":\"2019-05-07T17:10:19+00:00\",\"dateModified\":\"2019-07-10T18:32:49+00:00\",\"description\":\"Polane Inc. | Polane est la r\u00e9f\u00e9rence pour tous vos travaux d\u2019excavation, de coffrage, d\u2019\u00e9gouts et bien plus\",\"breadcrumb\":{\"@id\":\"https:\/\/www.polane.com\/fr\/#breadcrumb\"},\"inLanguage\":\"fr-FR\",\"potentialAction\":[{\"@type\":\"ReadAction\",\"target\":[\"https:\/\/www.polane.com\/fr\/\"]}]},{\"@type\":\"ImageObject\",\"inLanguage\":\"fr-FR\",\"@id\":\"https:\/\/www.polane.com\/fr\/#primaryimage\",\"url\":\"https:\/\/www.polane.com\/wp-content\/uploads\/2019\/05\/home-carriere-img-1.jpg\",\"contentUrl\":\"https:\/\/www.polane.com\/wp-content\/uploads\/2019\/05\/home-carriere-img-1.jpg\"},{\"@type\":\"BreadcrumbList\",\"@id\":\"https:\/\/www.polane.com\/fr\/#breadcrumb\",\"itemListElement\":[{\"@type\":\"ListItem\",\"position\":1,\"name\":\"Home\",\"item\":\"https:\/\/www.polane.com\/fr\/\"},{\"@type\":\"ListItem\",\"position\":2,\"name\":\"Home Page\"}]},{\"@type\":\"WebSite\",\"@id\":\"https:\/\/www.polane.com\/fr\/#website\",\"url\":\"https:\/\/www.polane.com\/fr\/\",\"name\":\"Polane Inc.\",\"description\":\"\",\"publisher\":{\"@id\":\"https:\/\/www.polane.com\/fr\/#organization\"},\"potentialAction\":[{\"@type\":\"SearchAction\",\"target\":{\"@type\":\"EntryPoint\",\"urlTemplate\":\"https:\/\/www.polane.com\/fr\/?s={search_term_string}\"},\"query-input\":{\"@type\":\"PropertyValueSpecification\",\"valueRequired\":true,\"valueName\":\"search_term_string\"}}],\"inLanguage\":\"fr-FR\"},{\"@type\":\"Organization\",\"@id\":\"https:\/\/www.polane.com\/fr\/#organization\",\"name\":\"Polane Inc.\",\"url\":\"https:\/\/www.polane.com\/fr\/\",\"logo\":{\"@type\":\"ImageObject\",\"inLanguage\":\"fr-FR\",\"@id\":\"https:\/\/www.polane.com\/fr\/#\/schema\/logo\/image\/\",\"url\":\"https:\/\/www.polane.com\/wp-content\/uploads\/2023\/05\/polane-LOGOS-small-2.png\",\"contentUrl\":\"https:\/\/www.polane.com\/wp-content\/uploads\/2023\/05\/polane-LOGOS-small-2.png\",\"width\":311,\"height\":74,\"caption\":\"Polane Inc.\"},\"image\":{\"@id\":\"https:\/\/www.polane.com\/fr\/#\/schema\/logo\/image\/\"}}]}<\/script>\n<!-- \/ Yoast SEO plugin. -->","yoast_head_json":{"title":"Polane Inc. | Bienvenue sur la page officielle de Polane","description":"Polane Inc. | Polane est la r\u00e9f\u00e9rence pour tous vos travaux d\u2019excavation, de coffrage, d\u2019\u00e9gouts et bien plus","robots":{"index":"index","follow":"follow","max-snippet":"max-snippet:-1","max-image-preview":"max-image-preview:large","max-video-preview":"max-video-preview:-1"},"canonical":"https:\/\/www.polane.com\/fr\/","og_locale":"fr_FR","og_type":"article","og_title":"Polane Inc. | Bienvenue sur la page officielle de Polane","og_description":"Polane Inc. | Polane est la r\u00e9f\u00e9rence pour tous vos travaux d\u2019excavation, de coffrage, d\u2019\u00e9gouts et bien plus","og_url":"https:\/\/www.polane.com\/fr\/","og_site_name":"Polane Inc.","article_modified_time":"2019-07-10T18:32:49+00:00","og_image":[{"url":"https:\/\/www.polane.com\/wp-content\/uploads\/2019\/05\/home-carriere-img-1.jpg","type":"","width":"","height":""}],"twitter_card":"summary_large_image","schema":{"@context":"https:\/\/schema.org","@graph":[{"@type":"WebPage","@id":"https:\/\/www.polane.com\/fr\/","url":"https:\/\/www.polane.com\/fr\/","name":"Polane Inc. | Bienvenue sur la page officielle de Polane","isPartOf":{"@id":"https:\/\/www.polane.com\/fr\/#website"},"primaryImageOfPage":{"@id":"https:\/\/www.polane.com\/fr\/#primaryimage"},"image":{"@id":"https:\/\/www.polane.com\/fr\/#primaryimage"},"thumbnailUrl":"https:\/\/www.polane.com\/wp-content\/uploads\/2019\/05\/home-carriere-img-1.jpg","datePublished":"2019-05-07T17:10:19+00:00","dateModified":"2019-07-10T18:32:49+00:00","description":"Polane Inc. | Polane est la r\u00e9f\u00e9rence pour tous vos travaux d\u2019excavation, de coffrage, d\u2019\u00e9gouts et bien plus","breadcrumb":{"@id":"https:\/\/www.polane.com\/fr\/#breadcrumb"},"inLanguage":"fr-FR","potentialAction":[{"@type":"ReadAction","target":["https:\/\/www.polane.com\/fr\/"]}]},{"@type":"ImageObject","inLanguage":"fr-FR","@id":"https:\/\/www.polane.com\/fr\/#primaryimage","url":"https:\/\/www.polane.com\/wp-content\/uploads\/2019\/05\/home-carriere-img-1.jpg","contentUrl":"https:\/\/www.polane.com\/wp-content\/uploads\/2019\/05\/home-carriere-img-1.jpg"},{"@type":"BreadcrumbList","@id":"https:\/\/www.polane.com\/fr\/#breadcrumb","itemListElement":[{"@type":"ListItem","position":1,"name":"Home","item":"https:\/\/www.polane.com\/fr\/"},{"@type":"ListItem","position":2,"name":"Home Page"}]},{"@type":"WebSite","@id":"https:\/\/www.polane.com\/fr\/#website","url":"https:\/\/www.polane.com\/fr\/","name":"Polane Inc.","description":"","publisher":{"@id":"https:\/\/www.polane.com\/fr\/#organization"},"potentialAction":[{"@type":"SearchAction","target":{"@type":"EntryPoint","urlTemplate":"https:\/\/www.polane.com\/fr\/?s={search_term_string}"},"query-input":{"@type":"PropertyValueSpecification","valueRequired":true,"valueName":"search_term_string"}}],"inLanguage":"fr-FR"},{"@type":"Organization","@id":"https:\/\/www.polane.com\/fr\/#organization","name":"Polane Inc.","url":"https:\/\/www.polane.com\/fr\/","logo":{"@type":"ImageObject","inLanguage":"fr-FR","@id":"https:\/\/www.polane.com\/fr\/#\/schema\/logo\/image\/","url":"https:\/\/www.polane.com\/wp-content\/uploads\/2023\/05\/polane-LOGOS-small-2.png","contentUrl":"https:\/\/www.polane.com\/wp-content\/uploads\/2023\/05\/polane-LOGOS-small-2.png","width":311,"height":74,"caption":"Polane Inc."},"image":{"@id":"https:\/\/www.polane.com\/fr\/#\/schema\/logo\/image\/"}}]}},"_links":{"self":[{"href":"https:\/\/www.polane.com\/fr\/wp-json\/wp\/v2\/pages\/2","targetHints":{"allow":["GET"]}}],"collection":[{"href":"https:\/\/www.polane.com\/fr\/wp-json\/wp\/v2\/pages"}],"about":[{"href":"https:\/\/www.polane.com\/fr\/wp-json\/wp\/v2\/types\/page"}],"author":[{"embeddable":true,"href":"https:\/\/www.polane.com\/fr\/wp-json\/wp\/v2\/users\/1"}],"replies":[{"embeddable":true,"href":"https:\/\/www.polane.com\/fr\/wp-json\/wp\/v2\/comments?post=2"}],"version-history":[{"count":56,"href":"https:\/\/www.polane.com\/fr\/wp-json\/wp\/v2\/pages\/2\/revisions"}],"predecessor-version":[{"id":766,"href":"https:\/\/www.polane.com\/fr\/wp-json\/wp\/v2\/pages\/2\/revisions\/766"}],"wp:attachment":[{"href":"https:\/\/www.polane.com\/fr\/wp-json\/wp\/v2\/media?parent=2"}],"curies":[{"name":"wp","href":"https:\/\/api.w.org\/{rel}","templated":true}]}}