{"id":84,"date":"2019-05-15T15:32:58","date_gmt":"2019-05-15T15:32:58","guid":{"rendered":"https:\/\/www.polane.com\/?page_id=84"},"modified":"2019-07-02T10:09:49","modified_gmt":"2019-07-02T14:09:49","slug":"egouts-et-aqueduc","status":"publish","type":"page","link":"https:\/\/www.polane.com\/fr\/services\/egouts-et-aqueduc\/","title":{"rendered":"\u00c9gouts et aqueduc"},"content":{"rendered":"<section class=\"title_container services egouts\">\n<div class=\"container\">\n<div class=\"row\">\n<div class=\"col-md-12\">\n<div class=\"lc-block\">\n<div editable=\"rich\">\n<h1>\u00c9gouts et aqueduc<\/h1>\n<\/div>\n<\/div>\n<\/div>\n<\/div>\n<\/div>\n<\/section>\n<section class=\"content_container services\">\n<div class=\"container\">\n<div class=\"row\">\n<div class=\"col-lg-12\" data-aos=\"fade-left\">\n<div class=\"lc-block services-text\">\n<div editable=\"rich\">\n<h2>\u00c9gouts et aqueduc<\/h2>\n<p>Travailler sur des \u00e9gouts et des aqueducs n\u2019est pas une t\u00e2che \u00e0 prendre \u00e0 la l\u00e9g\u00e8re et chez Polane Inc., nous en sommes bien conscients. Pour cela, nous nous assurons de choisir notre main-d\u2019\u0153uvre avec beaucoup d\u2019attention. Nos experts ont plus de 20 ans d\u2019exp\u00e9rience, donc sont en mesure de vous livrer le r\u00e9sultat d\u00e9sir\u00e9 dans le d\u00e9lai \u00e9tabli, tout en respectant le budget. Avec nous, ne vous attendez pas \u00e0 de mauvaises surprises!<\/p>\n<p>Nous nous assurons de livrer des r\u00e9sultats qui s\u2019am\u00e9liorent \u00e0 chaque projet, car nous sommes dans l\u2019optique d\u2019\u00eatre en \u00e9volution constante. Nous sommes d\u00e9termin\u00e9s \u00e0 toujours \u00eatre \u00e0 jour sur les derni\u00e8res normes en vigueur, qu\u2019elles soient municipales ou provinciales et c\u2019est ce qui nous a conduits au succ\u00e8s jusqu\u2019aujourd\u2019hui.<\/p>\n<\/p><\/div>\n<\/p><\/div>\n<div class=\"lc-block services-btn\">\n<div lc-helper=\"shortcode\" class=\"live-shortcode\"><a href='https:\/\/www.polane.com\/fr\/contact\/' class='btn contact noir'>Demande d&rsquo;information<\/a><\/div>\n<\/p><\/div>\n<\/p><\/div>\n<\/p><\/div>\n<\/div>\n<\/section>\n<section class=\"realisations_slider_container\">\n<div class=\"container\">\n<div class=\"row\">\n<div class=\"col-md-12\">\n<div class=\"lc-block\">\n<div lc-helper=\"shortcode\" class=\"live-shortcode realisations_slider\"><div class='realisations_slider_content'><div class='row'><div class='col-12'><h3>Projects<\/h3><\/div><div class='col-12'><div class=\"realisations_slider_slider\"><ul class=\"slides\"><li><a href=\"https:\/\/www.polane.com\/fr\/realisations\/egouts-aqueduc\/\" class=\"uneRealisation\"><div class=\"realisation-img d-flex align-items-center justify-content-center overflow-hidden\"><img loading=\"lazy\" decoding=\"async\" width=\"500\" height=\"500\" src=\"https:\/\/www.polane.com\/wp-content\/uploads\/2019\/07\/2014-07-15-10.45.30-500x500.jpg\" class=\"attachment-thumbnail size-thumbnail\" alt=\"\" \/><\/div><\/a><\/li><li><a href=\"https:\/\/www.polane.com\/fr\/realisations\/egouts-aqueduc\/\" class=\"uneRealisation\"><div class=\"realisation-img d-flex align-items-center justify-content-center overflow-hidden\"><img loading=\"lazy\" decoding=\"async\" width=\"500\" height=\"480\" src=\"https:\/\/www.polane.com\/wp-content\/uploads\/2019\/07\/IMG_2909-500x480.jpg\" class=\"attachment-thumbnail size-thumbnail\" alt=\"\" \/><\/div><\/a><\/li><li><a href=\"https:\/\/www.polane.com\/fr\/realisations\/egouts-aqueduc\/\" class=\"uneRealisation\"><div class=\"realisation-img d-flex align-items-center justify-content-center overflow-hidden\"><img loading=\"lazy\" decoding=\"async\" width=\"500\" height=\"500\" src=\"https:\/\/www.polane.com\/wp-content\/uploads\/2019\/07\/IMG_1356-500x500.jpg\" class=\"attachment-thumbnail size-thumbnail\" alt=\"\" \/><\/div><\/a><\/li><li><a href=\"https:\/\/www.polane.com\/fr\/realisations\/egouts-aqueduc\/\" class=\"uneRealisation\"><div class=\"realisation-img d-flex align-items-center justify-content-center overflow-hidden\"><img loading=\"lazy\" decoding=\"async\" width=\"500\" height=\"500\" src=\"https:\/\/www.polane.com\/wp-content\/uploads\/2019\/07\/IMG_1778-500x500.jpg\" class=\"attachment-thumbnail size-thumbnail\" alt=\"\" \/><\/div><\/a><\/li><li><a href=\"https:\/\/www.polane.com\/fr\/realisations\/egouts-aqueduc\/\" class=\"uneRealisation\"><div class=\"realisation-img d-flex align-items-center justify-content-center overflow-hidden\"><img loading=\"lazy\" decoding=\"async\" width=\"500\" height=\"500\" src=\"https:\/\/www.polane.com\/wp-content\/uploads\/2019\/07\/IMG_1821-500x500.jpg\" class=\"attachment-thumbnail size-thumbnail\" alt=\"\" \/><\/div><\/a><\/li><li><a href=\"https:\/\/www.polane.com\/fr\/realisations\/egouts-aqueduc\/\" class=\"uneRealisation\"><div class=\"realisation-img d-flex align-items-center justify-content-center overflow-hidden\"><img loading=\"lazy\" decoding=\"async\" width=\"500\" height=\"480\" src=\"https:\/\/www.polane.com\/wp-content\/uploads\/2019\/07\/0876-500x480.jpg\" class=\"attachment-thumbnail size-thumbnail\" alt=\"\" \/><\/div><\/a><\/li><li><a href=\"https:\/\/www.polane.com\/fr\/realisations\/egouts-aqueduc\/\" class=\"uneRealisation\"><div class=\"realisation-img d-flex align-items-center justify-content-center overflow-hidden\"><img loading=\"lazy\" decoding=\"async\" width=\"500\" height=\"500\" src=\"https:\/\/www.polane.com\/wp-content\/uploads\/2019\/07\/2014-07-23-10.20.21-500x500.jpg\" class=\"attachment-thumbnail size-thumbnail\" alt=\"\" \/><\/div><\/a><\/li><\/ul><\/div><\/div><\/div><\/div><\/div>\n<\/div>\n<\/div>\n<\/div>\n<\/div>\n<\/section>\n","protected":false},"excerpt":{"rendered":"<p>\u00c9gouts et aqueduc \u00c9gouts et aqueduc Travailler sur des \u00e9gouts et des aqueducs n\u2019est pas une t\u00e2che \u00e0 prendre \u00e0 la l\u00e9g\u00e8re et chez Polane Inc., nous en sommes bien conscients. Pour cela, nous nous assurons de choisir notre main-d\u2019\u0153uvre avec beaucoup d\u2019attention. Nos experts ont plus de 20 ans d\u2019exp\u00e9rience, donc sont en mesure [&hellip;]<\/p>\n","protected":false},"author":1,"featured_media":0,"parent":72,"menu_order":0,"comment_status":"closed","ping_status":"closed","template":"page-templates\/empty.php","meta":{"footnotes":""},"class_list":["post-84","page","type-page","status-publish","hentry"],"yoast_head":"<!-- This site is optimized with the Yoast SEO plugin v26.0 - https:\/\/yoast.com\/wordpress\/plugins\/seo\/ -->\n<title>Polane Inc. | Travaux d\u2019\u00e9gouts et aqueduc<\/title>\n<meta name=\"description\" content=\"Polane Inc. | Notre \u00e9quipe talentueuse maitrise le domaine d\u2019\u00e9gouts et aqueduc\" \/>\n<meta name=\"robots\" content=\"index, follow, max-snippet:-1, max-image-preview:large, max-video-preview:-1\" \/>\n<link rel=\"canonical\" href=\"https:\/\/www.polane.com\/fr\/services\/egouts-et-aqueduc\/\" \/>\n<meta property=\"og:locale\" content=\"fr_FR\" \/>\n<meta property=\"og:type\" content=\"article\" \/>\n<meta property=\"og:title\" content=\"Polane Inc. | Travaux d\u2019\u00e9gouts et aqueduc\" \/>\n<meta property=\"og:description\" content=\"Polane Inc. | Notre \u00e9quipe talentueuse maitrise le domaine d\u2019\u00e9gouts et aqueduc\" \/>\n<meta property=\"og:url\" content=\"https:\/\/www.polane.com\/fr\/services\/egouts-et-aqueduc\/\" \/>\n<meta property=\"og:site_name\" content=\"Polane Inc.\" \/>\n<meta property=\"article:modified_time\" content=\"2019-07-02T14:09:49+00:00\" \/>\n<meta name=\"twitter:card\" content=\"summary_large_image\" \/>\n<meta name=\"twitter:label1\" content=\"Dur\u00e9e de lecture estim\u00e9e\" \/>\n\t<meta name=\"twitter:data1\" content=\"1 minute\" \/>\n<script type=\"application\/ld+json\" class=\"yoast-schema-graph\">{\"@context\":\"https:\/\/schema.org\",\"@graph\":[{\"@type\":\"WebPage\",\"@id\":\"https:\/\/www.polane.com\/fr\/services\/egouts-et-aqueduc\/\",\"url\":\"https:\/\/www.polane.com\/fr\/services\/egouts-et-aqueduc\/\",\"name\":\"Polane Inc. | Travaux d\u2019\u00e9gouts et aqueduc\",\"isPartOf\":{\"@id\":\"https:\/\/www.polane.com\/fr\/#website\"},\"datePublished\":\"2019-05-15T15:32:58+00:00\",\"dateModified\":\"2019-07-02T14:09:49+00:00\",\"description\":\"Polane Inc. | Notre \u00e9quipe talentueuse maitrise le domaine d\u2019\u00e9gouts et aqueduc\",\"breadcrumb\":{\"@id\":\"https:\/\/www.polane.com\/fr\/services\/egouts-et-aqueduc\/#breadcrumb\"},\"inLanguage\":\"fr-FR\",\"potentialAction\":[{\"@type\":\"ReadAction\",\"target\":[\"https:\/\/www.polane.com\/fr\/services\/egouts-et-aqueduc\/\"]}]},{\"@type\":\"BreadcrumbList\",\"@id\":\"https:\/\/www.polane.com\/fr\/services\/egouts-et-aqueduc\/#breadcrumb\",\"itemListElement\":[{\"@type\":\"ListItem\",\"position\":1,\"name\":\"Home\",\"item\":\"https:\/\/www.polane.com\/fr\/\"},{\"@type\":\"ListItem\",\"position\":2,\"name\":\"Services\",\"item\":\"https:\/\/www.polane.com\/fr\/services\/\"},{\"@type\":\"ListItem\",\"position\":3,\"name\":\"\u00c9gouts et aqueduc\"}]},{\"@type\":\"WebSite\",\"@id\":\"https:\/\/www.polane.com\/fr\/#website\",\"url\":\"https:\/\/www.polane.com\/fr\/\",\"name\":\"Polane Inc.\",\"description\":\"\",\"publisher\":{\"@id\":\"https:\/\/www.polane.com\/fr\/#organization\"},\"potentialAction\":[{\"@type\":\"SearchAction\",\"target\":{\"@type\":\"EntryPoint\",\"urlTemplate\":\"https:\/\/www.polane.com\/fr\/?s={search_term_string}\"},\"query-input\":{\"@type\":\"PropertyValueSpecification\",\"valueRequired\":true,\"valueName\":\"search_term_string\"}}],\"inLanguage\":\"fr-FR\"},{\"@type\":\"Organization\",\"@id\":\"https:\/\/www.polane.com\/fr\/#organization\",\"name\":\"Polane Inc.\",\"url\":\"https:\/\/www.polane.com\/fr\/\",\"logo\":{\"@type\":\"ImageObject\",\"inLanguage\":\"fr-FR\",\"@id\":\"https:\/\/www.polane.com\/fr\/#\/schema\/logo\/image\/\",\"url\":\"https:\/\/www.polane.com\/wp-content\/uploads\/2023\/05\/polane-LOGOS-small-2.png\",\"contentUrl\":\"https:\/\/www.polane.com\/wp-content\/uploads\/2023\/05\/polane-LOGOS-small-2.png\",\"width\":311,\"height\":74,\"caption\":\"Polane Inc.\"},\"image\":{\"@id\":\"https:\/\/www.polane.com\/fr\/#\/schema\/logo\/image\/\"}}]}<\/script>\n<!-- \/ Yoast SEO plugin. -->","yoast_head_json":{"title":"Polane Inc. | Travaux d\u2019\u00e9gouts et aqueduc","description":"Polane Inc. | Notre \u00e9quipe talentueuse maitrise le domaine d\u2019\u00e9gouts et aqueduc","robots":{"index":"index","follow":"follow","max-snippet":"max-snippet:-1","max-image-preview":"max-image-preview:large","max-video-preview":"max-video-preview:-1"},"canonical":"https:\/\/www.polane.com\/fr\/services\/egouts-et-aqueduc\/","og_locale":"fr_FR","og_type":"article","og_title":"Polane Inc. | Travaux d\u2019\u00e9gouts et aqueduc","og_description":"Polane Inc. | Notre \u00e9quipe talentueuse maitrise le domaine d\u2019\u00e9gouts et aqueduc","og_url":"https:\/\/www.polane.com\/fr\/services\/egouts-et-aqueduc\/","og_site_name":"Polane Inc.","article_modified_time":"2019-07-02T14:09:49+00:00","twitter_card":"summary_large_image","twitter_misc":{"Dur\u00e9e de lecture estim\u00e9e":"1 minute"},"schema":{"@context":"https:\/\/schema.org","@graph":[{"@type":"WebPage","@id":"https:\/\/www.polane.com\/fr\/services\/egouts-et-aqueduc\/","url":"https:\/\/www.polane.com\/fr\/services\/egouts-et-aqueduc\/","name":"Polane Inc. | Travaux d\u2019\u00e9gouts et aqueduc","isPartOf":{"@id":"https:\/\/www.polane.com\/fr\/#website"},"datePublished":"2019-05-15T15:32:58+00:00","dateModified":"2019-07-02T14:09:49+00:00","description":"Polane Inc. | Notre \u00e9quipe talentueuse maitrise le domaine d\u2019\u00e9gouts et aqueduc","breadcrumb":{"@id":"https:\/\/www.polane.com\/fr\/services\/egouts-et-aqueduc\/#breadcrumb"},"inLanguage":"fr-FR","potentialAction":[{"@type":"ReadAction","target":["https:\/\/www.polane.com\/fr\/services\/egouts-et-aqueduc\/"]}]},{"@type":"BreadcrumbList","@id":"https:\/\/www.polane.com\/fr\/services\/egouts-et-aqueduc\/#breadcrumb","itemListElement":[{"@type":"ListItem","position":1,"name":"Home","item":"https:\/\/www.polane.com\/fr\/"},{"@type":"ListItem","position":2,"name":"Services","item":"https:\/\/www.polane.com\/fr\/services\/"},{"@type":"ListItem","position":3,"name":"\u00c9gouts et aqueduc"}]},{"@type":"WebSite","@id":"https:\/\/www.polane.com\/fr\/#website","url":"https:\/\/www.polane.com\/fr\/","name":"Polane Inc.","description":"","publisher":{"@id":"https:\/\/www.polane.com\/fr\/#organization"},"potentialAction":[{"@type":"SearchAction","target":{"@type":"EntryPoint","urlTemplate":"https:\/\/www.polane.com\/fr\/?s={search_term_string}"},"query-input":{"@type":"PropertyValueSpecification","valueRequired":true,"valueName":"search_term_string"}}],"inLanguage":"fr-FR"},{"@type":"Organization","@id":"https:\/\/www.polane.com\/fr\/#organization","name":"Polane Inc.","url":"https:\/\/www.polane.com\/fr\/","logo":{"@type":"ImageObject","inLanguage":"fr-FR","@id":"https:\/\/www.polane.com\/fr\/#\/schema\/logo\/image\/","url":"https:\/\/www.polane.com\/wp-content\/uploads\/2023\/05\/polane-LOGOS-small-2.png","contentUrl":"https:\/\/www.polane.com\/wp-content\/uploads\/2023\/05\/polane-LOGOS-small-2.png","width":311,"height":74,"caption":"Polane Inc."},"image":{"@id":"https:\/\/www.polane.com\/fr\/#\/schema\/logo\/image\/"}}]}},"_links":{"self":[{"href":"https:\/\/www.polane.com\/fr\/wp-json\/wp\/v2\/pages\/84","targetHints":{"allow":["GET"]}}],"collection":[{"href":"https:\/\/www.polane.com\/fr\/wp-json\/wp\/v2\/pages"}],"about":[{"href":"https:\/\/www.polane.com\/fr\/wp-json\/wp\/v2\/types\/page"}],"author":[{"embeddable":true,"href":"https:\/\/www.polane.com\/fr\/wp-json\/wp\/v2\/users\/1"}],"replies":[{"embeddable":true,"href":"https:\/\/www.polane.com\/fr\/wp-json\/wp\/v2\/comments?post=84"}],"version-history":[{"count":12,"href":"https:\/\/www.polane.com\/fr\/wp-json\/wp\/v2\/pages\/84\/revisions"}],"predecessor-version":[{"id":654,"href":"https:\/\/www.polane.com\/fr\/wp-json\/wp\/v2\/pages\/84\/revisions\/654"}],"up":[{"embeddable":true,"href":"https:\/\/www.polane.com\/fr\/wp-json\/wp\/v2\/pages\/72"}],"wp:attachment":[{"href":"https:\/\/www.polane.com\/fr\/wp-json\/wp\/v2\/media?parent=84"}],"curies":[{"name":"wp","href":"https:\/\/api.w.org\/{rel}","templated":true}]}}