{"id":88,"date":"2019-05-15T16:01:22","date_gmt":"2019-05-15T16:01:22","guid":{"rendered":"https:\/\/www.polane.com\/?page_id=88"},"modified":"2019-07-02T10:31:07","modified_gmt":"2019-07-02T14:31:07","slug":"reseaux-techniques-urbains","status":"publish","type":"page","link":"https:\/\/www.polane.com\/fr\/services\/reseaux-techniques-urbains\/","title":{"rendered":"R\u00e9seaux techniques urbains"},"content":{"rendered":"<section class=\"title_container services reseaux-techniques\">\n<div class=\"container\">\n<div class=\"row\">\n<div class=\"col-md-12\">\n<div class=\"lc-block\">\n<div editable=\"rich\">\n<h1>R\u00e9seaux techniques urbains<\/h1>\n<\/div>\n<\/div>\n<\/div>\n<\/div>\n<\/div>\n<\/section>\n<section class=\"content_container services\">\n<div class=\"container\">\n<div class=\"row\">\n<div class=\"col-lg-12\" data-aos=\"fade-left\">\n<div class=\"lc-block services-text\">\n<div editable=\"rich\">\n<h2>R\u00e9seaux techniques urbains<\/h2>\n<p>Quoi de mieux que de faire affaire avec les leaders dans le domaine des r\u00e9seaux techniques urbains depuis plus de 30 ans? Nous nous sommes impos\u00e9es comme chefs de file gr\u00e2ce \u00e0 notre expertise et notre excellence qui s\u2019est d\u00e9montr\u00e9e au courant des ann\u00e9es, m\u00eame face aux projets les plus complexes.<\/p>\n<p>Nous avons un r\u00e9pertoire impressionnant que nous avons b\u00e2ti en faisant affaire avec des compagnies de haute qualit\u00e9, tels qu\u2019Hydro-Qu\u00e9bec, Bell Canada, Vid\u00e9toron et de nombreux autres distributeurs. Tout cela a \u00e9t\u00e9 possible \u00e0 cause de la qualit\u00e9 exceptionnelle de notre main-d\u2019\u0153uvre motiv\u00e9e, dynamique et exp\u00e9riment\u00e9 qui s\u2019assurent d\u2019\u00eatre toujours \u00e0 la hauteur pour relever tout d\u00e9fi.<\/p>\n<\/p><\/div>\n<\/p><\/div>\n<div class=\"lc-block services-btn\">\n<div lc-helper=\"shortcode\" class=\"live-shortcode\"><a href='https:\/\/www.polane.com\/fr\/contact\/' class='btn contact noir'>Demande d&rsquo;information<\/a><\/div>\n<\/p><\/div>\n<\/p><\/div>\n<\/p><\/div>\n<\/div>\n<\/section>\n<section class=\"realisations_slider_container\">\n<div class=\"container\">\n<div class=\"row\">\n<div class=\"col-md-12\">\n<div class=\"lc-block\">\n<div lc-helper=\"shortcode\" class=\"live-shortcode realisations_slider\"><div class='realisations_slider_content'><div class='row'><div class='col-12'><h3>Projects<\/h3><\/div><div class='col-12'><div class=\"realisations_slider_slider\"><ul class=\"slides\"><li><a href=\"https:\/\/www.polane.com\/fr\/realisations\/reseau-technique-urbains\/\" class=\"uneRealisation\"><div class=\"realisation-img d-flex align-items-center justify-content-center overflow-hidden\"><img loading=\"lazy\" decoding=\"async\" width=\"500\" height=\"500\" src=\"https:\/\/www.polane.com\/wp-content\/uploads\/2019\/07\/101_0441-500x500.jpg\" class=\"attachment-thumbnail size-thumbnail\" alt=\"\" \/><\/div><\/a><\/li><li><a href=\"https:\/\/www.polane.com\/fr\/realisations\/reseau-technique-urbains\/\" class=\"uneRealisation\"><div class=\"realisation-img d-flex align-items-center justify-content-center overflow-hidden\"><img loading=\"lazy\" decoding=\"async\" width=\"500\" height=\"500\" src=\"https:\/\/www.polane.com\/wp-content\/uploads\/2019\/07\/101_2762-500x500.jpg\" class=\"attachment-thumbnail size-thumbnail\" alt=\"\" \/><\/div><\/a><\/li><li><a href=\"https:\/\/www.polane.com\/fr\/realisations\/reseau-technique-urbains\/\" class=\"uneRealisation\"><div class=\"realisation-img d-flex align-items-center justify-content-center overflow-hidden\"><img loading=\"lazy\" decoding=\"async\" width=\"500\" height=\"500\" src=\"https:\/\/www.polane.com\/wp-content\/uploads\/2019\/07\/101_2764-500x500.jpg\" class=\"attachment-thumbnail size-thumbnail\" alt=\"\" \/><\/div><\/a><\/li><li><a href=\"https:\/\/www.polane.com\/fr\/realisations\/reseau-technique-urbains\/\" class=\"uneRealisation\"><div class=\"realisation-img d-flex align-items-center justify-content-center overflow-hidden\"><img loading=\"lazy\" decoding=\"async\" width=\"500\" height=\"500\" src=\"https:\/\/www.polane.com\/wp-content\/uploads\/2019\/07\/101_0124-500x500.jpg\" class=\"attachment-thumbnail size-thumbnail\" alt=\"\" \/><\/div><\/a><\/li><li><a href=\"https:\/\/www.polane.com\/fr\/realisations\/reseau-technique-urbains\/\" class=\"uneRealisation\"><div class=\"realisation-img d-flex align-items-center justify-content-center overflow-hidden\"><img loading=\"lazy\" decoding=\"async\" width=\"500\" height=\"500\" src=\"https:\/\/www.polane.com\/wp-content\/uploads\/2019\/07\/101_2735-500x500.jpg\" class=\"attachment-thumbnail size-thumbnail\" alt=\"\" \/><\/div><\/a><\/li><li><a href=\"https:\/\/www.polane.com\/fr\/realisations\/reseau-technique-urbains\/\" class=\"uneRealisation\"><div class=\"realisation-img d-flex align-items-center justify-content-center overflow-hidden\"><img loading=\"lazy\" decoding=\"async\" width=\"500\" height=\"500\" src=\"https:\/\/www.polane.com\/wp-content\/uploads\/2019\/07\/101_2752-500x500.jpg\" class=\"attachment-thumbnail size-thumbnail\" alt=\"\" \/><\/div><\/a><\/li><\/ul><\/div><\/div><\/div><\/div><\/div>\n<\/div>\n<\/div>\n<\/div>\n<\/div>\n<\/section>\n","protected":false},"excerpt":{"rendered":"<p>R\u00e9seaux techniques urbains R\u00e9seaux techniques urbains Quoi de mieux que de faire affaire avec les leaders dans le domaine des r\u00e9seaux techniques urbains depuis plus de 30 ans? Nous nous sommes impos\u00e9es comme chefs de file gr\u00e2ce \u00e0 notre expertise et notre excellence qui s\u2019est d\u00e9montr\u00e9e au courant des ann\u00e9es, m\u00eame face aux projets les [&hellip;]<\/p>\n","protected":false},"author":1,"featured_media":0,"parent":72,"menu_order":0,"comment_status":"closed","ping_status":"closed","template":"page-templates\/empty.php","meta":{"footnotes":""},"class_list":["post-88","page","type-page","status-publish","hentry"],"yoast_head":"<!-- This site is optimized with the Yoast SEO plugin v26.0 - https:\/\/yoast.com\/wordpress\/plugins\/seo\/ -->\n<title>Polane Inc. | R\u00e9seaux techniques urbains<\/title>\n<meta name=\"description\" content=\"Polane Inc. | Chef de file dans le domaine de r\u00e9seaux techniques urbains depuis 1985\" \/>\n<meta name=\"robots\" content=\"index, follow, max-snippet:-1, max-image-preview:large, max-video-preview:-1\" \/>\n<link rel=\"canonical\" href=\"https:\/\/www.polane.com\/fr\/services\/reseaux-techniques-urbains\/\" \/>\n<meta property=\"og:locale\" content=\"fr_FR\" \/>\n<meta property=\"og:type\" content=\"article\" \/>\n<meta property=\"og:title\" content=\"Polane Inc. | R\u00e9seaux techniques urbains\" \/>\n<meta property=\"og:description\" content=\"Polane Inc. | Chef de file dans le domaine de r\u00e9seaux techniques urbains depuis 1985\" \/>\n<meta property=\"og:url\" content=\"https:\/\/www.polane.com\/fr\/services\/reseaux-techniques-urbains\/\" \/>\n<meta property=\"og:site_name\" content=\"Polane Inc.\" \/>\n<meta property=\"article:modified_time\" content=\"2019-07-02T14:31:07+00:00\" \/>\n<meta name=\"twitter:card\" content=\"summary_large_image\" \/>\n<meta name=\"twitter:label1\" content=\"Dur\u00e9e de lecture estim\u00e9e\" \/>\n\t<meta name=\"twitter:data1\" content=\"1 minute\" \/>\n<script type=\"application\/ld+json\" class=\"yoast-schema-graph\">{\"@context\":\"https:\/\/schema.org\",\"@graph\":[{\"@type\":\"WebPage\",\"@id\":\"https:\/\/www.polane.com\/fr\/services\/reseaux-techniques-urbains\/\",\"url\":\"https:\/\/www.polane.com\/fr\/services\/reseaux-techniques-urbains\/\",\"name\":\"Polane Inc. | R\u00e9seaux techniques urbains\",\"isPartOf\":{\"@id\":\"https:\/\/www.polane.com\/fr\/#website\"},\"datePublished\":\"2019-05-15T16:01:22+00:00\",\"dateModified\":\"2019-07-02T14:31:07+00:00\",\"description\":\"Polane Inc. | Chef de file dans le domaine de r\u00e9seaux techniques urbains depuis 1985\",\"breadcrumb\":{\"@id\":\"https:\/\/www.polane.com\/fr\/services\/reseaux-techniques-urbains\/#breadcrumb\"},\"inLanguage\":\"fr-FR\",\"potentialAction\":[{\"@type\":\"ReadAction\",\"target\":[\"https:\/\/www.polane.com\/fr\/services\/reseaux-techniques-urbains\/\"]}]},{\"@type\":\"BreadcrumbList\",\"@id\":\"https:\/\/www.polane.com\/fr\/services\/reseaux-techniques-urbains\/#breadcrumb\",\"itemListElement\":[{\"@type\":\"ListItem\",\"position\":1,\"name\":\"Home\",\"item\":\"https:\/\/www.polane.com\/fr\/\"},{\"@type\":\"ListItem\",\"position\":2,\"name\":\"Services\",\"item\":\"https:\/\/www.polane.com\/fr\/services\/\"},{\"@type\":\"ListItem\",\"position\":3,\"name\":\"R\u00e9seaux techniques urbains\"}]},{\"@type\":\"WebSite\",\"@id\":\"https:\/\/www.polane.com\/fr\/#website\",\"url\":\"https:\/\/www.polane.com\/fr\/\",\"name\":\"Polane Inc.\",\"description\":\"\",\"publisher\":{\"@id\":\"https:\/\/www.polane.com\/fr\/#organization\"},\"potentialAction\":[{\"@type\":\"SearchAction\",\"target\":{\"@type\":\"EntryPoint\",\"urlTemplate\":\"https:\/\/www.polane.com\/fr\/?s={search_term_string}\"},\"query-input\":{\"@type\":\"PropertyValueSpecification\",\"valueRequired\":true,\"valueName\":\"search_term_string\"}}],\"inLanguage\":\"fr-FR\"},{\"@type\":\"Organization\",\"@id\":\"https:\/\/www.polane.com\/fr\/#organization\",\"name\":\"Polane Inc.\",\"url\":\"https:\/\/www.polane.com\/fr\/\",\"logo\":{\"@type\":\"ImageObject\",\"inLanguage\":\"fr-FR\",\"@id\":\"https:\/\/www.polane.com\/fr\/#\/schema\/logo\/image\/\",\"url\":\"https:\/\/www.polane.com\/wp-content\/uploads\/2023\/05\/polane-LOGOS-small-2.png\",\"contentUrl\":\"https:\/\/www.polane.com\/wp-content\/uploads\/2023\/05\/polane-LOGOS-small-2.png\",\"width\":311,\"height\":74,\"caption\":\"Polane Inc.\"},\"image\":{\"@id\":\"https:\/\/www.polane.com\/fr\/#\/schema\/logo\/image\/\"}}]}<\/script>\n<!-- \/ Yoast SEO plugin. -->","yoast_head_json":{"title":"Polane Inc. | R\u00e9seaux techniques urbains","description":"Polane Inc. | Chef de file dans le domaine de r\u00e9seaux techniques urbains depuis 1985","robots":{"index":"index","follow":"follow","max-snippet":"max-snippet:-1","max-image-preview":"max-image-preview:large","max-video-preview":"max-video-preview:-1"},"canonical":"https:\/\/www.polane.com\/fr\/services\/reseaux-techniques-urbains\/","og_locale":"fr_FR","og_type":"article","og_title":"Polane Inc. | R\u00e9seaux techniques urbains","og_description":"Polane Inc. | Chef de file dans le domaine de r\u00e9seaux techniques urbains depuis 1985","og_url":"https:\/\/www.polane.com\/fr\/services\/reseaux-techniques-urbains\/","og_site_name":"Polane Inc.","article_modified_time":"2019-07-02T14:31:07+00:00","twitter_card":"summary_large_image","twitter_misc":{"Dur\u00e9e de lecture estim\u00e9e":"1 minute"},"schema":{"@context":"https:\/\/schema.org","@graph":[{"@type":"WebPage","@id":"https:\/\/www.polane.com\/fr\/services\/reseaux-techniques-urbains\/","url":"https:\/\/www.polane.com\/fr\/services\/reseaux-techniques-urbains\/","name":"Polane Inc. | R\u00e9seaux techniques urbains","isPartOf":{"@id":"https:\/\/www.polane.com\/fr\/#website"},"datePublished":"2019-05-15T16:01:22+00:00","dateModified":"2019-07-02T14:31:07+00:00","description":"Polane Inc. | Chef de file dans le domaine de r\u00e9seaux techniques urbains depuis 1985","breadcrumb":{"@id":"https:\/\/www.polane.com\/fr\/services\/reseaux-techniques-urbains\/#breadcrumb"},"inLanguage":"fr-FR","potentialAction":[{"@type":"ReadAction","target":["https:\/\/www.polane.com\/fr\/services\/reseaux-techniques-urbains\/"]}]},{"@type":"BreadcrumbList","@id":"https:\/\/www.polane.com\/fr\/services\/reseaux-techniques-urbains\/#breadcrumb","itemListElement":[{"@type":"ListItem","position":1,"name":"Home","item":"https:\/\/www.polane.com\/fr\/"},{"@type":"ListItem","position":2,"name":"Services","item":"https:\/\/www.polane.com\/fr\/services\/"},{"@type":"ListItem","position":3,"name":"R\u00e9seaux techniques urbains"}]},{"@type":"WebSite","@id":"https:\/\/www.polane.com\/fr\/#website","url":"https:\/\/www.polane.com\/fr\/","name":"Polane Inc.","description":"","publisher":{"@id":"https:\/\/www.polane.com\/fr\/#organization"},"potentialAction":[{"@type":"SearchAction","target":{"@type":"EntryPoint","urlTemplate":"https:\/\/www.polane.com\/fr\/?s={search_term_string}"},"query-input":{"@type":"PropertyValueSpecification","valueRequired":true,"valueName":"search_term_string"}}],"inLanguage":"fr-FR"},{"@type":"Organization","@id":"https:\/\/www.polane.com\/fr\/#organization","name":"Polane Inc.","url":"https:\/\/www.polane.com\/fr\/","logo":{"@type":"ImageObject","inLanguage":"fr-FR","@id":"https:\/\/www.polane.com\/fr\/#\/schema\/logo\/image\/","url":"https:\/\/www.polane.com\/wp-content\/uploads\/2023\/05\/polane-LOGOS-small-2.png","contentUrl":"https:\/\/www.polane.com\/wp-content\/uploads\/2023\/05\/polane-LOGOS-small-2.png","width":311,"height":74,"caption":"Polane Inc."},"image":{"@id":"https:\/\/www.polane.com\/fr\/#\/schema\/logo\/image\/"}}]}},"_links":{"self":[{"href":"https:\/\/www.polane.com\/fr\/wp-json\/wp\/v2\/pages\/88","targetHints":{"allow":["GET"]}}],"collection":[{"href":"https:\/\/www.polane.com\/fr\/wp-json\/wp\/v2\/pages"}],"about":[{"href":"https:\/\/www.polane.com\/fr\/wp-json\/wp\/v2\/types\/page"}],"author":[{"embeddable":true,"href":"https:\/\/www.polane.com\/fr\/wp-json\/wp\/v2\/users\/1"}],"replies":[{"embeddable":true,"href":"https:\/\/www.polane.com\/fr\/wp-json\/wp\/v2\/comments?post=88"}],"version-history":[{"count":10,"href":"https:\/\/www.polane.com\/fr\/wp-json\/wp\/v2\/pages\/88\/revisions"}],"predecessor-version":[{"id":709,"href":"https:\/\/www.polane.com\/fr\/wp-json\/wp\/v2\/pages\/88\/revisions\/709"}],"up":[{"embeddable":true,"href":"https:\/\/www.polane.com\/fr\/wp-json\/wp\/v2\/pages\/72"}],"wp:attachment":[{"href":"https:\/\/www.polane.com\/fr\/wp-json\/wp\/v2\/media?parent=88"}],"curies":[{"name":"wp","href":"https:\/\/api.w.org\/{rel}","templated":true}]}}