{"id":92,"date":"2019-05-15T17:37:51","date_gmt":"2019-05-15T17:37:51","guid":{"rendered":"https:\/\/www.polane.com\/?page_id=92"},"modified":"2019-07-02T09:54:12","modified_gmt":"2019-07-02T13:54:12","slug":"coffrage","status":"publish","type":"page","link":"https:\/\/www.polane.com\/fr\/services\/coffrage\/","title":{"rendered":"Coffrage"},"content":{"rendered":"<section class=\"title_container services coffrage\">\n<div class=\"container\">\n<div class=\"row\">\n<div class=\"col-md-12\">\n<div class=\"lc-block\">\n<div editable=\"rich\">\n<h1>Coffrage<\/h1>\n<\/div>\n<\/div>\n<\/div>\n<\/div>\n<\/div>\n<\/section>\n<section class=\"content_container services\">\n<div class=\"container\">\n<div class=\"row\">\n<div class=\"col-lg-12\" data-aos=\"fade-left\">\n<div class=\"lc-block services-text\">\n<div editable=\"rich\">\n<h2>Coffrage<\/h2>\n<p>Nous nous assurons de toujours ma\u00eetriser les meilleures pratiques de l\u2019industrie dans le but de perfectionner les services que nous offrons. Pour cela, nous avons lanc\u00e9 une nouvelle division sp\u00e9cialement d\u00e9di\u00e9e au coffrage commercial qui vient s\u2018ajouter \u00e0 celle des travaux civils. De cette mani\u00e8re, nous pouvons maximiser nos travaux et g\u00e9rer nos projets de mani\u00e8re plus efficace, ce qui permet \u00e9conomie de temps et d\u2019argent.<\/p>\n<p>De plus, nous avons l\u2019habitude de travailler dans des conditions extr\u00eames et difficiles gr\u00e2ce \u00e0 notre exp\u00e9rience dans le coffrage des remonte-pentes de ski en montagne et des b\u00e2timents commerciaux, ce qui nous a pr\u00e9par\u00e9s en cons\u00e9quence pour remonter tous les autres d\u00e9fis de taille.<\/p>\n<\/p><\/div>\n<\/p><\/div>\n<div class=\"lc-block services-btn\">\n<div lc-helper=\"shortcode\" class=\"live-shortcode\"><a href='https:\/\/www.polane.com\/fr\/contact\/' class='btn contact noir'>Demande d&rsquo;information<\/a><\/div>\n<\/p><\/div>\n<\/p><\/div>\n<\/p><\/div>\n<\/div>\n<\/section>\n<section class=\"realisations_slider_container\">\n<div class=\"container\">\n<div class=\"row\">\n<div class=\"col-md-12\">\n<div class=\"lc-block\">\n<div lc-helper=\"shortcode\" class=\"live-shortcode realisations_slider\"><div class='realisations_slider_content'><div class='row'><div class='col-12'><h3>Projects<\/h3><\/div><div class='col-12'><div class=\"realisations_slider_slider\"><ul class=\"slides\"><li><a href=\"https:\/\/www.polane.com\/fr\/realisations\/coffrageenformwork\/\" class=\"uneRealisation\"><div class=\"realisation-img d-flex align-items-center justify-content-center overflow-hidden\"><img loading=\"lazy\" decoding=\"async\" width=\"500\" height=\"478\" src=\"https:\/\/www.polane.com\/wp-content\/uploads\/2019\/05\/coffrage-500x478.jpg\" class=\"attachment-thumbnail size-thumbnail\" alt=\"\" \/><\/div><\/a><\/li><li><a href=\"https:\/\/www.polane.com\/fr\/realisations\/coffrageenformwork\/\" class=\"uneRealisation\"><div class=\"realisation-img d-flex align-items-center justify-content-center overflow-hidden\"><img loading=\"lazy\" decoding=\"async\" width=\"358\" height=\"480\" src=\"https:\/\/www.polane.com\/wp-content\/uploads\/2019\/05\/IMG_4248.jpg\" class=\"attachment-thumbnail size-thumbnail\" alt=\"\" srcset=\"https:\/\/www.polane.com\/wp-content\/uploads\/2019\/05\/IMG_4248.jpg 358w, https:\/\/www.polane.com\/wp-content\/uploads\/2019\/05\/IMG_4248-224x300.jpg 224w\" sizes=\"auto, (max-width: 358px) 100vw, 358px\" \/><\/div><\/a><\/li><li><a href=\"https:\/\/www.polane.com\/fr\/realisations\/coffrageenformwork\/\" class=\"uneRealisation\"><div class=\"realisation-img d-flex align-items-center justify-content-center overflow-hidden\"><img loading=\"lazy\" decoding=\"async\" width=\"500\" height=\"360\" src=\"https:\/\/www.polane.com\/wp-content\/uploads\/2019\/05\/coffrage2-500x360.jpg\" class=\"attachment-thumbnail size-thumbnail\" alt=\"\" \/><\/div><\/a><\/li><li><a href=\"https:\/\/www.polane.com\/fr\/realisations\/coffrageenformwork\/\" class=\"uneRealisation\"><div class=\"realisation-img d-flex align-items-center justify-content-center overflow-hidden\"><img loading=\"lazy\" decoding=\"async\" width=\"500\" height=\"500\" src=\"https:\/\/www.polane.com\/wp-content\/uploads\/2019\/06\/pdj-2sept-500x500.jpg\" class=\"attachment-thumbnail size-thumbnail\" alt=\"\" \/><\/div><\/a><\/li><li><a href=\"https:\/\/www.polane.com\/fr\/realisations\/coffrageenformwork\/\" class=\"uneRealisation\"><div class=\"realisation-img d-flex align-items-center justify-content-center overflow-hidden\"><img loading=\"lazy\" decoding=\"async\" width=\"500\" height=\"500\" src=\"https:\/\/www.polane.com\/wp-content\/uploads\/2019\/06\/14juillet3_pdj-500x500.jpg\" class=\"attachment-thumbnail size-thumbnail\" alt=\"\" \/><\/div><\/a><\/li><\/ul><\/div><\/div><\/div><\/div><\/div>\n<\/div>\n<\/div>\n<\/div>\n<\/div>\n<\/section>\n","protected":false},"excerpt":{"rendered":"<p>Coffrage Coffrage Nous nous assurons de toujours ma\u00eetriser les meilleures pratiques de l\u2019industrie dans le but de perfectionner les services que nous offrons. Pour cela, nous avons lanc\u00e9 une nouvelle division sp\u00e9cialement d\u00e9di\u00e9e au coffrage commercial qui vient s\u2018ajouter \u00e0 celle des travaux civils. De cette mani\u00e8re, nous pouvons maximiser nos travaux et g\u00e9rer nos [&hellip;]<\/p>\n","protected":false},"author":1,"featured_media":0,"parent":72,"menu_order":0,"comment_status":"closed","ping_status":"closed","template":"page-templates\/empty.php","meta":{"footnotes":""},"class_list":["post-92","page","type-page","status-publish","hentry"],"yoast_head":"<!-- This site is optimized with the Yoast SEO plugin v26.0 - https:\/\/yoast.com\/wordpress\/plugins\/seo\/ -->\n<title>Polane Inc. | Services | Coffrage<\/title>\n<meta name=\"description\" content=\"Polane Inc. | Nous faisons le coffrage commercial, des remonte-pentes de ski et bien plus\" \/>\n<meta name=\"robots\" content=\"index, follow, max-snippet:-1, max-image-preview:large, max-video-preview:-1\" \/>\n<link rel=\"canonical\" href=\"https:\/\/www.polane.com\/fr\/services\/coffrage\/\" \/>\n<meta property=\"og:locale\" content=\"fr_FR\" \/>\n<meta property=\"og:type\" content=\"article\" \/>\n<meta property=\"og:title\" content=\"Polane Inc. | Services | Coffrage\" \/>\n<meta property=\"og:description\" content=\"Polane Inc. | Nous faisons le coffrage commercial, des remonte-pentes de ski et bien plus\" \/>\n<meta property=\"og:url\" content=\"https:\/\/www.polane.com\/fr\/services\/coffrage\/\" \/>\n<meta property=\"og:site_name\" content=\"Polane Inc.\" \/>\n<meta property=\"article:modified_time\" content=\"2019-07-02T13:54:12+00:00\" \/>\n<meta name=\"twitter:card\" content=\"summary_large_image\" \/>\n<meta name=\"twitter:label1\" content=\"Dur\u00e9e de lecture estim\u00e9e\" \/>\n\t<meta name=\"twitter:data1\" content=\"1 minute\" \/>\n<script type=\"application\/ld+json\" class=\"yoast-schema-graph\">{\"@context\":\"https:\/\/schema.org\",\"@graph\":[{\"@type\":\"WebPage\",\"@id\":\"https:\/\/www.polane.com\/fr\/services\/coffrage\/\",\"url\":\"https:\/\/www.polane.com\/fr\/services\/coffrage\/\",\"name\":\"Polane Inc. | Services | Coffrage\",\"isPartOf\":{\"@id\":\"https:\/\/www.polane.com\/fr\/#website\"},\"datePublished\":\"2019-05-15T17:37:51+00:00\",\"dateModified\":\"2019-07-02T13:54:12+00:00\",\"description\":\"Polane Inc. | Nous faisons le coffrage commercial, des remonte-pentes de ski et bien plus\",\"breadcrumb\":{\"@id\":\"https:\/\/www.polane.com\/fr\/services\/coffrage\/#breadcrumb\"},\"inLanguage\":\"fr-FR\",\"potentialAction\":[{\"@type\":\"ReadAction\",\"target\":[\"https:\/\/www.polane.com\/fr\/services\/coffrage\/\"]}]},{\"@type\":\"BreadcrumbList\",\"@id\":\"https:\/\/www.polane.com\/fr\/services\/coffrage\/#breadcrumb\",\"itemListElement\":[{\"@type\":\"ListItem\",\"position\":1,\"name\":\"Home\",\"item\":\"https:\/\/www.polane.com\/fr\/\"},{\"@type\":\"ListItem\",\"position\":2,\"name\":\"Services\",\"item\":\"https:\/\/www.polane.com\/fr\/services\/\"},{\"@type\":\"ListItem\",\"position\":3,\"name\":\"Coffrage\"}]},{\"@type\":\"WebSite\",\"@id\":\"https:\/\/www.polane.com\/fr\/#website\",\"url\":\"https:\/\/www.polane.com\/fr\/\",\"name\":\"Polane Inc.\",\"description\":\"\",\"publisher\":{\"@id\":\"https:\/\/www.polane.com\/fr\/#organization\"},\"potentialAction\":[{\"@type\":\"SearchAction\",\"target\":{\"@type\":\"EntryPoint\",\"urlTemplate\":\"https:\/\/www.polane.com\/fr\/?s={search_term_string}\"},\"query-input\":{\"@type\":\"PropertyValueSpecification\",\"valueRequired\":true,\"valueName\":\"search_term_string\"}}],\"inLanguage\":\"fr-FR\"},{\"@type\":\"Organization\",\"@id\":\"https:\/\/www.polane.com\/fr\/#organization\",\"name\":\"Polane Inc.\",\"url\":\"https:\/\/www.polane.com\/fr\/\",\"logo\":{\"@type\":\"ImageObject\",\"inLanguage\":\"fr-FR\",\"@id\":\"https:\/\/www.polane.com\/fr\/#\/schema\/logo\/image\/\",\"url\":\"https:\/\/www.polane.com\/wp-content\/uploads\/2023\/05\/polane-LOGOS-small-2.png\",\"contentUrl\":\"https:\/\/www.polane.com\/wp-content\/uploads\/2023\/05\/polane-LOGOS-small-2.png\",\"width\":311,\"height\":74,\"caption\":\"Polane Inc.\"},\"image\":{\"@id\":\"https:\/\/www.polane.com\/fr\/#\/schema\/logo\/image\/\"}}]}<\/script>\n<!-- \/ Yoast SEO plugin. -->","yoast_head_json":{"title":"Polane Inc. | Services | Coffrage","description":"Polane Inc. | Nous faisons le coffrage commercial, des remonte-pentes de ski et bien plus","robots":{"index":"index","follow":"follow","max-snippet":"max-snippet:-1","max-image-preview":"max-image-preview:large","max-video-preview":"max-video-preview:-1"},"canonical":"https:\/\/www.polane.com\/fr\/services\/coffrage\/","og_locale":"fr_FR","og_type":"article","og_title":"Polane Inc. | Services | Coffrage","og_description":"Polane Inc. | Nous faisons le coffrage commercial, des remonte-pentes de ski et bien plus","og_url":"https:\/\/www.polane.com\/fr\/services\/coffrage\/","og_site_name":"Polane Inc.","article_modified_time":"2019-07-02T13:54:12+00:00","twitter_card":"summary_large_image","twitter_misc":{"Dur\u00e9e de lecture estim\u00e9e":"1 minute"},"schema":{"@context":"https:\/\/schema.org","@graph":[{"@type":"WebPage","@id":"https:\/\/www.polane.com\/fr\/services\/coffrage\/","url":"https:\/\/www.polane.com\/fr\/services\/coffrage\/","name":"Polane Inc. | Services | Coffrage","isPartOf":{"@id":"https:\/\/www.polane.com\/fr\/#website"},"datePublished":"2019-05-15T17:37:51+00:00","dateModified":"2019-07-02T13:54:12+00:00","description":"Polane Inc. | Nous faisons le coffrage commercial, des remonte-pentes de ski et bien plus","breadcrumb":{"@id":"https:\/\/www.polane.com\/fr\/services\/coffrage\/#breadcrumb"},"inLanguage":"fr-FR","potentialAction":[{"@type":"ReadAction","target":["https:\/\/www.polane.com\/fr\/services\/coffrage\/"]}]},{"@type":"BreadcrumbList","@id":"https:\/\/www.polane.com\/fr\/services\/coffrage\/#breadcrumb","itemListElement":[{"@type":"ListItem","position":1,"name":"Home","item":"https:\/\/www.polane.com\/fr\/"},{"@type":"ListItem","position":2,"name":"Services","item":"https:\/\/www.polane.com\/fr\/services\/"},{"@type":"ListItem","position":3,"name":"Coffrage"}]},{"@type":"WebSite","@id":"https:\/\/www.polane.com\/fr\/#website","url":"https:\/\/www.polane.com\/fr\/","name":"Polane Inc.","description":"","publisher":{"@id":"https:\/\/www.polane.com\/fr\/#organization"},"potentialAction":[{"@type":"SearchAction","target":{"@type":"EntryPoint","urlTemplate":"https:\/\/www.polane.com\/fr\/?s={search_term_string}"},"query-input":{"@type":"PropertyValueSpecification","valueRequired":true,"valueName":"search_term_string"}}],"inLanguage":"fr-FR"},{"@type":"Organization","@id":"https:\/\/www.polane.com\/fr\/#organization","name":"Polane Inc.","url":"https:\/\/www.polane.com\/fr\/","logo":{"@type":"ImageObject","inLanguage":"fr-FR","@id":"https:\/\/www.polane.com\/fr\/#\/schema\/logo\/image\/","url":"https:\/\/www.polane.com\/wp-content\/uploads\/2023\/05\/polane-LOGOS-small-2.png","contentUrl":"https:\/\/www.polane.com\/wp-content\/uploads\/2023\/05\/polane-LOGOS-small-2.png","width":311,"height":74,"caption":"Polane Inc."},"image":{"@id":"https:\/\/www.polane.com\/fr\/#\/schema\/logo\/image\/"}}]}},"_links":{"self":[{"href":"https:\/\/www.polane.com\/fr\/wp-json\/wp\/v2\/pages\/92","targetHints":{"allow":["GET"]}}],"collection":[{"href":"https:\/\/www.polane.com\/fr\/wp-json\/wp\/v2\/pages"}],"about":[{"href":"https:\/\/www.polane.com\/fr\/wp-json\/wp\/v2\/types\/page"}],"author":[{"embeddable":true,"href":"https:\/\/www.polane.com\/fr\/wp-json\/wp\/v2\/users\/1"}],"replies":[{"embeddable":true,"href":"https:\/\/www.polane.com\/fr\/wp-json\/wp\/v2\/comments?post=92"}],"version-history":[{"count":11,"href":"https:\/\/www.polane.com\/fr\/wp-json\/wp\/v2\/pages\/92\/revisions"}],"predecessor-version":[{"id":634,"href":"https:\/\/www.polane.com\/fr\/wp-json\/wp\/v2\/pages\/92\/revisions\/634"}],"up":[{"embeddable":true,"href":"https:\/\/www.polane.com\/fr\/wp-json\/wp\/v2\/pages\/72"}],"wp:attachment":[{"href":"https:\/\/www.polane.com\/fr\/wp-json\/wp\/v2\/media?parent=92"}],"curies":[{"name":"wp","href":"https:\/\/api.w.org\/{rel}","templated":true}]}}