{"id":95,"date":"2019-05-15T17:41:13","date_gmt":"2019-05-15T17:41:13","guid":{"rendered":"https:\/\/www.polane.com\/?page_id=95"},"modified":"2019-06-29T14:21:24","modified_gmt":"2019-06-29T18:21:24","slug":"eclairage-et-feux-de-circulation","status":"publish","type":"page","link":"https:\/\/www.polane.com\/fr\/services\/eclairage-et-feux-de-circulation\/","title":{"rendered":"\u00c9clairage et feux de circulation"},"content":{"rendered":"<section class=\"title_container services eclairage\">\n<div class=\"container\">\n<div class=\"row\">\n<div class=\"col-md-12\">\n<div class=\"lc-block\">\n<div editable=\"rich\">\n<h1>\u00c9clairage et feux de circulation<\/h1>\n<\/div>\n<\/div>\n<\/div>\n<\/div>\n<\/div>\n<\/section>\n<section class=\"content_container services\">\n<div class=\"container\">\n<div class=\"row\">\n<div class=\"col-lg-12\" data-aos=\"fade-left\">\n<div class=\"lc-block services-text\">\n<div editable=\"rich\">\n<h2>\u00c9clairage et feux de circulation<\/h2>\n<p>Nous ne sommes pas seulement efficaces, mais d\u00e9tenons aussi des licences de ma\u00eetre-\u00e9lectricien pour appuyer notre expertise et effectuer nos travaux en toute s\u00e9curit\u00e9. Notre division d\u2019installation d\u2019\u00e9clairage publique et de syst\u00e8me de feu de circulation est n\u00e9e de la demande que nous avons vu grandir sur le march\u00e9, nous avons voulu proposer des solutions. Ayant d\u00e9j\u00e0 l\u2019exp\u00e9rience en travaillant sur les canalisations souterraines, ce service vient compl\u00e9ter et permet \u00e0 nos clients de b\u00e9n\u00e9ficier de nos services pour la totalit\u00e9 de leurs projets, ce qui permet d\u2019\u00e9liminer plusieurs intervenants.<\/p>\n<p>POLANE Inc. met donc en \u0153uvre des solutions compl\u00e8tes, commodes et r\u00e9alisables qui favorisent l\u2019harmonisation des espaces publics tout en conjuguant atmosph\u00e8re exclusive et besoins pratiques, assurant ainsi un cachet unique aux projets r\u00e9sidentiels ou commerciaux.<\/p>\n<\/p><\/div>\n<\/p><\/div>\n<div class=\"lc-block services-btn\">\n<div lc-helper=\"shortcode\" class=\"live-shortcode\"><a href='https:\/\/www.polane.com\/fr\/contact\/' class='btn contact noir'>Demande d&rsquo;information<\/a><\/div>\n<\/p><\/div>\n<\/p><\/div>\n<\/p><\/div>\n<\/div>\n<\/section>\n<section class=\"realisations_slider_container\">\n<div class=\"container\">\n<div class=\"row\">\n<div class=\"col-md-12\">\n<div class=\"lc-block\">\n<div lc-helper=\"shortcode\" class=\"live-shortcode realisations_slider\"><\/div>\n<\/div>\n<\/div>\n<\/div>\n<\/div>\n<\/section>\n","protected":false},"excerpt":{"rendered":"<p>\u00c9clairage et feux de circulation \u00c9clairage et feux de circulation Nous ne sommes pas seulement efficaces, mais d\u00e9tenons aussi des licences de ma\u00eetre-\u00e9lectricien pour appuyer notre expertise et effectuer nos travaux en toute s\u00e9curit\u00e9. Notre division d\u2019installation d\u2019\u00e9clairage publique et de syst\u00e8me de feu de circulation est n\u00e9e de la demande que nous avons vu [&hellip;]<\/p>\n","protected":false},"author":1,"featured_media":0,"parent":72,"menu_order":0,"comment_status":"closed","ping_status":"closed","template":"page-templates\/empty.php","meta":{"footnotes":""},"class_list":["post-95","page","type-page","status-publish","hentry"],"yoast_head":"<!-- This site is optimized with the Yoast SEO plugin v26.0 - https:\/\/yoast.com\/wordpress\/plugins\/seo\/ -->\n<title>Polane Inc. | Installation de feux de circulation et \u00e9clairage<\/title>\n<meta name=\"description\" content=\"Polane Inc. | Nous avons la technologie adapt\u00e9e pour r\u00e9aliser les travaux d\u2019\u00e9clairage et de feux de circulation\" \/>\n<meta name=\"robots\" content=\"index, follow, max-snippet:-1, max-image-preview:large, max-video-preview:-1\" \/>\n<link rel=\"canonical\" href=\"https:\/\/www.polane.com\/fr\/services\/eclairage-et-feux-de-circulation\/\" \/>\n<meta property=\"og:locale\" content=\"fr_FR\" \/>\n<meta property=\"og:type\" content=\"article\" \/>\n<meta property=\"og:title\" content=\"Polane Inc. | Installation de feux de circulation et \u00e9clairage\" \/>\n<meta property=\"og:description\" content=\"Polane Inc. | Nous avons la technologie adapt\u00e9e pour r\u00e9aliser les travaux d\u2019\u00e9clairage et de feux de circulation\" \/>\n<meta property=\"og:url\" content=\"https:\/\/www.polane.com\/fr\/services\/eclairage-et-feux-de-circulation\/\" \/>\n<meta property=\"og:site_name\" content=\"Polane Inc.\" \/>\n<meta property=\"article:modified_time\" content=\"2019-06-29T18:21:24+00:00\" \/>\n<meta name=\"twitter:card\" content=\"summary_large_image\" \/>\n<meta name=\"twitter:label1\" content=\"Dur\u00e9e de lecture estim\u00e9e\" \/>\n\t<meta name=\"twitter:data1\" content=\"1 minute\" \/>\n<script type=\"application\/ld+json\" class=\"yoast-schema-graph\">{\"@context\":\"https:\/\/schema.org\",\"@graph\":[{\"@type\":\"WebPage\",\"@id\":\"https:\/\/www.polane.com\/fr\/services\/eclairage-et-feux-de-circulation\/\",\"url\":\"https:\/\/www.polane.com\/fr\/services\/eclairage-et-feux-de-circulation\/\",\"name\":\"Polane Inc. | Installation de feux de circulation et \u00e9clairage\",\"isPartOf\":{\"@id\":\"https:\/\/www.polane.com\/fr\/#website\"},\"datePublished\":\"2019-05-15T17:41:13+00:00\",\"dateModified\":\"2019-06-29T18:21:24+00:00\",\"description\":\"Polane Inc. | Nous avons la technologie adapt\u00e9e pour r\u00e9aliser les travaux d\u2019\u00e9clairage et de feux de circulation\",\"breadcrumb\":{\"@id\":\"https:\/\/www.polane.com\/fr\/services\/eclairage-et-feux-de-circulation\/#breadcrumb\"},\"inLanguage\":\"fr-FR\",\"potentialAction\":[{\"@type\":\"ReadAction\",\"target\":[\"https:\/\/www.polane.com\/fr\/services\/eclairage-et-feux-de-circulation\/\"]}]},{\"@type\":\"BreadcrumbList\",\"@id\":\"https:\/\/www.polane.com\/fr\/services\/eclairage-et-feux-de-circulation\/#breadcrumb\",\"itemListElement\":[{\"@type\":\"ListItem\",\"position\":1,\"name\":\"Home\",\"item\":\"https:\/\/www.polane.com\/fr\/\"},{\"@type\":\"ListItem\",\"position\":2,\"name\":\"Services\",\"item\":\"https:\/\/www.polane.com\/fr\/services\/\"},{\"@type\":\"ListItem\",\"position\":3,\"name\":\"\u00c9clairage et feux de circulation\"}]},{\"@type\":\"WebSite\",\"@id\":\"https:\/\/www.polane.com\/fr\/#website\",\"url\":\"https:\/\/www.polane.com\/fr\/\",\"name\":\"Polane Inc.\",\"description\":\"\",\"publisher\":{\"@id\":\"https:\/\/www.polane.com\/fr\/#organization\"},\"potentialAction\":[{\"@type\":\"SearchAction\",\"target\":{\"@type\":\"EntryPoint\",\"urlTemplate\":\"https:\/\/www.polane.com\/fr\/?s={search_term_string}\"},\"query-input\":{\"@type\":\"PropertyValueSpecification\",\"valueRequired\":true,\"valueName\":\"search_term_string\"}}],\"inLanguage\":\"fr-FR\"},{\"@type\":\"Organization\",\"@id\":\"https:\/\/www.polane.com\/fr\/#organization\",\"name\":\"Polane Inc.\",\"url\":\"https:\/\/www.polane.com\/fr\/\",\"logo\":{\"@type\":\"ImageObject\",\"inLanguage\":\"fr-FR\",\"@id\":\"https:\/\/www.polane.com\/fr\/#\/schema\/logo\/image\/\",\"url\":\"https:\/\/www.polane.com\/wp-content\/uploads\/2023\/05\/polane-LOGOS-small-2.png\",\"contentUrl\":\"https:\/\/www.polane.com\/wp-content\/uploads\/2023\/05\/polane-LOGOS-small-2.png\",\"width\":311,\"height\":74,\"caption\":\"Polane Inc.\"},\"image\":{\"@id\":\"https:\/\/www.polane.com\/fr\/#\/schema\/logo\/image\/\"}}]}<\/script>\n<!-- \/ Yoast SEO plugin. -->","yoast_head_json":{"title":"Polane Inc. | Installation de feux de circulation et \u00e9clairage","description":"Polane Inc. | Nous avons la technologie adapt\u00e9e pour r\u00e9aliser les travaux d\u2019\u00e9clairage et de feux de circulation","robots":{"index":"index","follow":"follow","max-snippet":"max-snippet:-1","max-image-preview":"max-image-preview:large","max-video-preview":"max-video-preview:-1"},"canonical":"https:\/\/www.polane.com\/fr\/services\/eclairage-et-feux-de-circulation\/","og_locale":"fr_FR","og_type":"article","og_title":"Polane Inc. | Installation de feux de circulation et \u00e9clairage","og_description":"Polane Inc. | Nous avons la technologie adapt\u00e9e pour r\u00e9aliser les travaux d\u2019\u00e9clairage et de feux de circulation","og_url":"https:\/\/www.polane.com\/fr\/services\/eclairage-et-feux-de-circulation\/","og_site_name":"Polane Inc.","article_modified_time":"2019-06-29T18:21:24+00:00","twitter_card":"summary_large_image","twitter_misc":{"Dur\u00e9e de lecture estim\u00e9e":"1 minute"},"schema":{"@context":"https:\/\/schema.org","@graph":[{"@type":"WebPage","@id":"https:\/\/www.polane.com\/fr\/services\/eclairage-et-feux-de-circulation\/","url":"https:\/\/www.polane.com\/fr\/services\/eclairage-et-feux-de-circulation\/","name":"Polane Inc. | Installation de feux de circulation et \u00e9clairage","isPartOf":{"@id":"https:\/\/www.polane.com\/fr\/#website"},"datePublished":"2019-05-15T17:41:13+00:00","dateModified":"2019-06-29T18:21:24+00:00","description":"Polane Inc. | Nous avons la technologie adapt\u00e9e pour r\u00e9aliser les travaux d\u2019\u00e9clairage et de feux de circulation","breadcrumb":{"@id":"https:\/\/www.polane.com\/fr\/services\/eclairage-et-feux-de-circulation\/#breadcrumb"},"inLanguage":"fr-FR","potentialAction":[{"@type":"ReadAction","target":["https:\/\/www.polane.com\/fr\/services\/eclairage-et-feux-de-circulation\/"]}]},{"@type":"BreadcrumbList","@id":"https:\/\/www.polane.com\/fr\/services\/eclairage-et-feux-de-circulation\/#breadcrumb","itemListElement":[{"@type":"ListItem","position":1,"name":"Home","item":"https:\/\/www.polane.com\/fr\/"},{"@type":"ListItem","position":2,"name":"Services","item":"https:\/\/www.polane.com\/fr\/services\/"},{"@type":"ListItem","position":3,"name":"\u00c9clairage et feux de circulation"}]},{"@type":"WebSite","@id":"https:\/\/www.polane.com\/fr\/#website","url":"https:\/\/www.polane.com\/fr\/","name":"Polane Inc.","description":"","publisher":{"@id":"https:\/\/www.polane.com\/fr\/#organization"},"potentialAction":[{"@type":"SearchAction","target":{"@type":"EntryPoint","urlTemplate":"https:\/\/www.polane.com\/fr\/?s={search_term_string}"},"query-input":{"@type":"PropertyValueSpecification","valueRequired":true,"valueName":"search_term_string"}}],"inLanguage":"fr-FR"},{"@type":"Organization","@id":"https:\/\/www.polane.com\/fr\/#organization","name":"Polane Inc.","url":"https:\/\/www.polane.com\/fr\/","logo":{"@type":"ImageObject","inLanguage":"fr-FR","@id":"https:\/\/www.polane.com\/fr\/#\/schema\/logo\/image\/","url":"https:\/\/www.polane.com\/wp-content\/uploads\/2023\/05\/polane-LOGOS-small-2.png","contentUrl":"https:\/\/www.polane.com\/wp-content\/uploads\/2023\/05\/polane-LOGOS-small-2.png","width":311,"height":74,"caption":"Polane Inc."},"image":{"@id":"https:\/\/www.polane.com\/fr\/#\/schema\/logo\/image\/"}}]}},"_links":{"self":[{"href":"https:\/\/www.polane.com\/fr\/wp-json\/wp\/v2\/pages\/95","targetHints":{"allow":["GET"]}}],"collection":[{"href":"https:\/\/www.polane.com\/fr\/wp-json\/wp\/v2\/pages"}],"about":[{"href":"https:\/\/www.polane.com\/fr\/wp-json\/wp\/v2\/types\/page"}],"author":[{"embeddable":true,"href":"https:\/\/www.polane.com\/fr\/wp-json\/wp\/v2\/users\/1"}],"replies":[{"embeddable":true,"href":"https:\/\/www.polane.com\/fr\/wp-json\/wp\/v2\/comments?post=95"}],"version-history":[{"count":8,"href":"https:\/\/www.polane.com\/fr\/wp-json\/wp\/v2\/pages\/95\/revisions"}],"predecessor-version":[{"id":606,"href":"https:\/\/www.polane.com\/fr\/wp-json\/wp\/v2\/pages\/95\/revisions\/606"}],"up":[{"embeddable":true,"href":"https:\/\/www.polane.com\/fr\/wp-json\/wp\/v2\/pages\/72"}],"wp:attachment":[{"href":"https:\/\/www.polane.com\/fr\/wp-json\/wp\/v2\/media?parent=95"}],"curies":[{"name":"wp","href":"https:\/\/api.w.org\/{rel}","templated":true}]}}